{"id":36408,"date":"2024-04-24T08:07:38","date_gmt":"2024-04-24T08:07:38","guid":{"rendered":"https:\/\/theme-dev.cmsmasters.net\/archdeco\/?page_id=36408"},"modified":"2026-03-10T00:57:02","modified_gmt":"2026-03-10T00:57:02","slug":"sobre-nos","status":"publish","type":"page","link":"https:\/\/sofli.pt\/pt_br\/sobre-nos\/","title":{"rendered":"Sobre N\u00f3s"},"content":{"rendered":"<div data-elementor-type=\"wp-page\" data-elementor-id=\"36408\" class=\"elementor elementor-36408\" data-elementor-post-type=\"page\">\n\t\t\t\t<div class=\"elementor-element elementor-element-8a03432 e-flex e-con-boxed cmsmasters-block-default e-con e-parent\" data-id=\"8a03432\" data-element_type=\"container\" data-settings=\"{&quot;background_background&quot;:&quot;classic&quot;}\">\n\t\t\t\t\t<div class=\"e-con-inner\">\n\t\t<div class=\"elementor-element elementor-element-80d2cec e-con-full e-flex cmsmasters-block-default e-con e-child\" data-id=\"80d2cec\" data-element_type=\"container\">\n\t\t\t\t<div data-separate-animation-selector=\".elementor-widget-cmsmasters-featured-box__icon-wrap, .elementor-widget-cmsmasters-featured-box__image-wrap, .elementor-widget-cmsmasters-featured-box__title, .elementor-widget-cmsmasters-featured-box__description, .elementor-widget-cmsmasters-featured-box__button-wrapper\" data-text-animation-class=\"sequental, random\" class=\"elementor-element elementor-element-869be5d cmsmasters-featured-box__graphic-align-left cmsmasters-featured-box__graphic-position-row cmsmasters-featured-box__graphic-position-v-middle elementor-widget__width-auto elementor-absolute cmsmasters-effect cmsmasters-effect-type-transform cmsmasters-featured-box__graphic-position-tablet-row cmsmasters-featured-box__graphic-position-mobile-row cmsmasters-featured-box__text-valign-middle cmsmasters-effect-hover-type-element cmsmasters-block-default cmsmasters-sticky-default elementor-widget elementor-widget-cmsmasters-featured-box\" data-id=\"869be5d\" data-element_type=\"widget\" data-settings=\"{&quot;_position&quot;:&quot;absolute&quot;,&quot;cms_transform_hover_type&quot;:&quot;element&quot;}\" data-widget_type=\"cmsmasters-featured-box.default\">\n\t\t\t\t\t<div class=\"elementor-widget-cmsmasters-featured-box__wrapper\"><div class=\"elementor-widget-cmsmasters-featured-box__content\">\r\n\t\t\t\t<div class=\"elementor-widget-cmsmasters-featured-box__content-vertical-inner\"><div class=\"elementor-widget-cmsmasters-featured-box__graphic-wrapper elementor-widget-cmsmasters-featured-box__content-item elementor-widget-cmsmasters-featured-box__icon\"><span class=\"elementor-widget-cmsmasters-featured-box__title elementor-widget-cmsmasters-featured-box__content-item\">Sobre N\u00f3s<\/span><div class=\"elementor-widget-cmsmasters-featured-box__icon-wrap elementor-widget-cmsmasters-featured-box__graphic-item\"><svg aria-hidden=\"true\" class=\"e-font-icon-svg e-fas-circle\" viewbox=\"0 0 512 512\" xmlns=\"http:\/\/www.w3.org\/2000\/svg\"><path d=\"M256 8C119 8 8 119 8 256s111 248 248 248 248-111 248-248S393 8 256 8z\"><\/path><\/svg><\/div><\/div><div class=\"elementor-widget-cmsmasters-featured-box__type-wrap elementor-widget-cmsmasters-featured-box__content-item\"><span class=\"elementor-widget-cmsmasters-featured-box__title elementor-widget-cmsmasters-featured-box__content-item\">Sobre N\u00f3s<\/span><\/div>\r\n\t\t\t\t<\/div>\r\n\t\t\t<\/div>\r\n\t\t<\/div>\t\t\t\t<\/div>\n\t\t<div class=\"elementor-element elementor-element-d0b1a1d e-flex e-con-boxed cmsmasters-block-default e-con e-child\" data-id=\"d0b1a1d\" data-element_type=\"container\">\n\t\t\t\t\t<div class=\"e-con-inner\">\n\t\t\t\t<div class=\"elementor-element elementor-element-bc34b6e cmsmasters-block-default cmsmasters-sticky-default elementor-widget elementor-widget-heading\" data-id=\"bc34b6e\" data-element_type=\"widget\" data-widget_type=\"heading.default\">\n\t\t\t\t\t<h1 class=\"elementor-heading-title elementor-size-default\">A SOFLI \u00e9 uma empresa familiar portuguesa com 30 anos de experi\u00eancia.<\/h1>\t\t\t\t<\/div>\n\t\t\t\t<div class=\"elementor-element elementor-element-e511e53 cmsmasters-block-default cmsmasters-sticky-default elementor-widget elementor-widget-text-editor\" data-id=\"e511e53\" data-element_type=\"widget\" data-widget_type=\"text-editor.default\">\n\t\t\t\t\t\t\t\t\t<div class=\"elementor-element elementor-element-3670377 elementor-widget elementor-widget-text-editor\" data-id=\"3670377\" data-element_type=\"widget\" data-widget_type=\"text-editor.default\"><div class=\"elementor-widget-container\"><p>A Sofli \u00e9 uma marca que entrela\u00e7a o conhecimento secular de saber estofar com a inova\u00e7\u00e3o do design de produtos, no qual dessa fus\u00e3o entre tradi\u00e7\u00e3o e contemporaneidade emerge um m\u00e9todo singular, em que a t\u00e9cnica e a criatividade coexistem e concebem pe\u00e7as verdadeiramente \u00fanicas. Cada pe\u00e7a e cada projeto resultante desse processo revela a excel\u00eancia, refinamento e a cuidadosa metodologia que s\u00e3o distintivos da nossa abordagem.<\/p><\/div><\/div><div class=\"elementor-element elementor-element-28b72ce elementor-widget elementor-widget-text-editor\" data-id=\"28b72ce\" data-element_type=\"widget\" data-widget_type=\"text-editor.default\"><div class=\"elementor-widget-container\"><p>Comprometemo-nos integralmente a oferecer aos nossos clientes um padr\u00e3o de excel\u00eancia fundamentado nos pilares do profissionalismo, qualidade e inova\u00e7\u00e3o, refletindo n\u00e3o apenas a maestria t\u00e9cnica, mas tamb\u00e9m a paix\u00e3o cont\u00ednua por superar expectativas e entregar o excepcional.<\/p><\/div><\/div>\t\t\t\t\t\t\t\t<\/div>\n\t\t\t\t\t<\/div>\n\t\t\t\t<\/div>\n\t\t\t\t<\/div>\n\t\t<div class=\"elementor-element elementor-element-4ca5708 e-con-full e-flex cmsmasters-block-default e-con e-child\" data-id=\"4ca5708\" data-element_type=\"container\">\n\t\t\t\t<div class=\"elementor-element elementor-element-6996951 cmsmasters-block-default cmsmasters-sticky-default elementor-widget elementor-widget-image\" data-id=\"6996951\" data-element_type=\"widget\" data-widget_type=\"image.default\">\n\t\t\t\t\t\t\t\t\t\t\t\t\t\t\t<img fetchpriority=\"high\" decoding=\"async\" width=\"690\" height=\"900\" src=\"https:\/\/sofli.pt\/wp-content\/uploads\/2026\/02\/MOODBOARD-sobre-nos-high-resolution.png\" class=\"attachment-large size-large wp-image-41459\" alt=\"\" srcset=\"https:\/\/sofli.pt\/wp-content\/uploads\/2026\/02\/MOODBOARD-sobre-nos-high-resolution.png 690w, https:\/\/sofli.pt\/wp-content\/uploads\/2026\/02\/MOODBOARD-sobre-nos-high-resolution-600x783.png 600w, https:\/\/sofli.pt\/wp-content\/uploads\/2026\/02\/MOODBOARD-sobre-nos-high-resolution-230x300.png 230w\" sizes=\"(max-width: 690px) 100vw, 690px\" \/>\t\t\t\t\t\t\t\t\t\t\t\t\t\t\t<\/div>\n\t\t\t\t<\/div>\n\t\t\t\t\t<\/div>\n\t\t\t\t<\/div>\n\t\t<div class=\"elementor-element elementor-element-120e83fc e-flex e-con-boxed cmsmasters-block-default e-con e-parent\" data-id=\"120e83fc\" data-element_type=\"container\">\n\t\t\t\t\t<div class=\"e-con-inner\">\n\t\t<div class=\"elementor-element elementor-element-52423884 e-con-full e-flex cmsmasters-block-default e-con e-child\" data-id=\"52423884\" data-element_type=\"container\">\n\t\t\t\t<div class=\"elementor-element elementor-element-2917dcc8 cmsmasters-block-default cmsmasters-sticky-default elementor-widget elementor-widget-elementskit-heading\" data-id=\"2917dcc8\" data-element_type=\"widget\" data-widget_type=\"elementskit-heading.default\">\n\t\t\t\t\t<div class=\"ekit-wid-con\" ><div class=\"ekit-heading elementskit-section-title-wraper text_left   ekit_heading_tablet-   ekit_heading_mobile-\"><h2 class=\"ekit-heading--title elementskit-section-title\">SOFLI empresa portuguesa movida pelo detalhe.<\/h2>\t\t\t\t<div class='ekit-heading__description'>\n\t\t\t\t\t<p>Trabalhamos com produ\u00e7\u00e3o handmade, onde cada elemento \u00e9 cuidadosamente executado por m\u00e3os experientes, respeitando o tempo do processo e a exig\u00eancia do acabamento perfeito. Aqui, nada \u00e9 apressado. Cada curva, cada textura, cada estrutura nasce de um compromisso absoluto com qualidade.<\/p>\n\t\t\t\t<\/div>\n\t\t\t<\/div><\/div>\t\t\t\t<\/div>\n\t\t\t\t<\/div>\n\t\t<div class=\"elementor-element elementor-element-2bdff733 e-con-full e-flex cmsmasters-block-default e-con e-child\" data-id=\"2bdff733\" data-element_type=\"container\">\n\t\t\t\t<div class=\"elementor-element elementor-element-59865f1 cmsmasters-block-default cmsmasters-sticky-default elementor-widget elementor-widget-video\" data-id=\"59865f1\" data-element_type=\"widget\" data-settings=\"{&quot;video_type&quot;:&quot;hosted&quot;,&quot;autoplay&quot;:&quot;yes&quot;,&quot;play_on_mobile&quot;:&quot;yes&quot;,&quot;mute&quot;:&quot;yes&quot;,&quot;loop&quot;:&quot;yes&quot;}\" data-widget_type=\"video.default\">\n\t\t\t\t\t\t\t<div class=\"e-hosted-video elementor-wrapper elementor-open-inline\">\n\t\t\t\t\t<video class=\"elementor-video\" src=\"https:\/\/sofli.pt\/wp-content\/uploads\/2026\/02\/4.mp4\" autoplay=\"\" loop=\"\" muted=\"muted\" playsinline=\"\" controlslist=\"nodownload\"><\/video>\n\t\t\t\t<\/div>\n\t\t\t\t\t\t<\/div>\n\t\t\t\t<\/div>\n\t\t<div class=\"elementor-element elementor-element-530cd5a e-con-full e-flex cmsmasters-block-default e-con e-child\" data-id=\"530cd5a\" data-element_type=\"container\">\n\t\t<div class=\"elementor-element elementor-element-a73cacf e-con-full e-flex cmsmasters-block-default e-con e-child\" data-id=\"a73cacf\" data-element_type=\"container\">\n\t\t\t\t<div class=\"elementor-element elementor-element-b116ed3 cmsmasters-block-default cmsmasters-sticky-default elementor-widget elementor-widget-video\" data-id=\"b116ed3\" data-element_type=\"widget\" data-settings=\"{&quot;video_type&quot;:&quot;hosted&quot;,&quot;autoplay&quot;:&quot;yes&quot;,&quot;play_on_mobile&quot;:&quot;yes&quot;,&quot;mute&quot;:&quot;yes&quot;,&quot;loop&quot;:&quot;yes&quot;}\" data-widget_type=\"video.default\">\n\t\t\t\t\t\t\t<div class=\"e-hosted-video elementor-wrapper elementor-open-inline\">\n\t\t\t\t\t<video class=\"elementor-video\" src=\"https:\/\/sofli.pt\/wp-content\/uploads\/2026\/02\/6.mp4\" autoplay=\"\" loop=\"\" muted=\"muted\" playsinline=\"\" controlslist=\"nodownload\"><\/video>\n\t\t\t\t<\/div>\n\t\t\t\t\t\t<\/div>\n\t\t\t\t<\/div>\n\t\t<div class=\"elementor-element elementor-element-dccc1f0 e-con-full e-flex cmsmasters-block-default e-con e-child\" data-id=\"dccc1f0\" data-element_type=\"container\">\n\t\t\t\t<div class=\"elementor-element elementor-element-2e4d1a6 cmsmasters-block-default cmsmasters-sticky-default elementor-widget elementor-widget-video\" data-id=\"2e4d1a6\" data-element_type=\"widget\" data-settings=\"{&quot;video_type&quot;:&quot;hosted&quot;,&quot;autoplay&quot;:&quot;yes&quot;,&quot;mute&quot;:&quot;yes&quot;,&quot;loop&quot;:&quot;yes&quot;}\" data-widget_type=\"video.default\">\n\t\t\t\t\t\t\t<div class=\"e-hosted-video elementor-wrapper elementor-open-inline\">\n\t\t\t\t\t<video class=\"elementor-video\" src=\"https:\/\/sofli.pt\/wp-content\/uploads\/2026\/02\/3.mp4\" autoplay=\"\" loop=\"\" muted=\"muted\" controlslist=\"nodownload\"><\/video>\n\t\t\t\t<\/div>\n\t\t\t\t\t\t<\/div>\n\t\t\t\t<\/div>\n\t\t\t\t<\/div>\n\t\t\t\t\t<\/div>\n\t\t\t\t<\/div>\n\t\t<div class=\"elementor-element elementor-element-eb534e4 e-flex e-con-boxed cmsmasters-block-default e-con e-parent\" data-id=\"eb534e4\" data-element_type=\"container\">\n\t\t\t\t\t<div class=\"e-con-inner\">\n\t\t<div class=\"elementor-element elementor-element-d1c0390 e-con-full e-flex cmsmasters-block-default e-con e-child\" data-id=\"d1c0390\" data-element_type=\"container\">\n\t\t<div class=\"elementor-element elementor-element-bb771ba e-con-full e-flex cmsmasters-bg-hide-none cmsmasters-bg-hide-none cmsmasters-block-default e-con e-child\" data-id=\"bb771ba\" data-element_type=\"container\" data-settings=\"{&quot;background_background&quot;:&quot;classic&quot;}\">\n\t\t\t\t<\/div>\n\t\t\t\t<\/div>\n\t\t<div class=\"elementor-element elementor-element-f1beaf9 e-con-full e-flex cmsmasters-block-default e-con e-child\" data-id=\"f1beaf9\" data-element_type=\"container\">\n\t\t\t\t<div class=\"elementor-element elementor-element-ccfa4f2 cmsmasters-block-default cmsmasters-sticky-default elementor-widget elementor-widget-heading\" data-id=\"ccfa4f2\" data-element_type=\"widget\" data-widget_type=\"heading.default\">\n\t\t\t\t\t<h2 class=\"elementor-heading-title elementor-size-default\">Nossa Hist\u00f3ria<\/h2>\t\t\t\t<\/div>\n\t\t\t\t<div class=\"elementor-element elementor-element-0356a8e cmsmasters-block-default cmsmasters-sticky-default elementor-widget elementor-widget-text-editor\" data-id=\"0356a8e\" data-element_type=\"widget\" data-widget_type=\"text-editor.default\">\n\t\t\t\t\t\t\t\t\t<div class=\"elementor-element elementor-element-4be8567 elementor-widget elementor-widget-text-editor\" data-id=\"4be8567\" data-element_type=\"widget\" data-widget_type=\"text-editor.default\"><div class=\"elementor-widget-container\"><p>Fernando Sousa, cresceu no meio fabril de estofos iniciando a atividade ainda muito jovem e com natureza curiosa em saber como as coisas s\u00e3o produzidas, o que resultou numa crescente ambi\u00e7\u00e3o de querer fazer mais e melhor, que foi posteriormente transferida para a marca e se tornou um dos seus pilares, isto \u00e9, uma empresa din\u00e2mica em crescimento constante com novas ideias para o design de produtos e de interiores, com uma equipa capaz de dar resposta a qualquer necessidade.<\/p><\/div><\/div><div class=\"elementor-element elementor-element-86dbe09 elementor-widget elementor-widget-text-editor\" data-id=\"86dbe09\" data-element_type=\"widget\" data-widget_type=\"text-editor.default\"><div class=\"elementor-widget-container\"><p>Presentes em 3 continentes com produtos por toda a Europa, \u00c1frica e Am\u00e9rica do Norte, temos capacidade produtiva para o cliente privado, bespoke, contract e profissionais de arquitetura ou design, desenvolvendo produtos e projetos a n\u00edvel nacional e internacional.<\/p><\/div><\/div>\t\t\t\t\t\t\t\t<\/div>\n\t\t\t\t<\/div>\n\t\t\t\t\t<\/div>\n\t\t\t\t<\/div>\n\t\t\t\t<\/div>","protected":false},"excerpt":{"rendered":"<p>Sobre N\u00f3sSobre N\u00f3s A SOFLI \u00e9 uma empresa familiar portuguesa com 30 anos de experi\u00eancia. A Sofli \u00e9 uma marca que entrela\u00e7a o conhecimento secular de saber estofar com a inova\u00e7\u00e3o do design de produtos, no qual dessa fus\u00e3o entre tradi\u00e7\u00e3o e contemporaneidade emerge um m\u00e9todo singular, em que a t\u00e9cnica e a criatividade coexistem&#8230;<\/p>","protected":false},"author":1,"featured_media":0,"parent":0,"menu_order":0,"comment_status":"closed","ping_status":"closed","template":"","meta":{"_acf_changed":false,"_joinchat":[],"footnotes":""},"class_list":["post-36408","page","type-page","status-publish","hentry"],"acf":[],"_links":{"self":[{"href":"https:\/\/sofli.pt\/pt_br\/wp-json\/wp\/v2\/pages\/36408","targetHints":{"allow":["GET"]}}],"collection":[{"href":"https:\/\/sofli.pt\/pt_br\/wp-json\/wp\/v2\/pages"}],"about":[{"href":"https:\/\/sofli.pt\/pt_br\/wp-json\/wp\/v2\/types\/page"}],"author":[{"embeddable":true,"href":"https:\/\/sofli.pt\/pt_br\/wp-json\/wp\/v2\/users\/1"}],"replies":[{"embeddable":true,"href":"https:\/\/sofli.pt\/pt_br\/wp-json\/wp\/v2\/comments?post=36408"}],"version-history":[{"count":83,"href":"https:\/\/sofli.pt\/pt_br\/wp-json\/wp\/v2\/pages\/36408\/revisions"}],"predecessor-version":[{"id":42557,"href":"https:\/\/sofli.pt\/pt_br\/wp-json\/wp\/v2\/pages\/36408\/revisions\/42557"}],"wp:attachment":[{"href":"https:\/\/sofli.pt\/pt_br\/wp-json\/wp\/v2\/media?parent=36408"}],"curies":[{"name":"wp","href":"https:\/\/api.w.org\/{rel}","templated":true}]}}