{"id":41854,"date":"2026-02-22T14:50:18","date_gmt":"2026-02-22T17:50:18","guid":{"rendered":"https:\/\/sofli.pt\/?page_id=41854"},"modified":"2026-03-10T00:56:31","modified_gmt":"2026-03-10T00:56:31","slug":"politica-de-privacidade","status":"publish","type":"page","link":"https:\/\/sofli.pt\/pt_br\/politica-de-privacidade\/","title":{"rendered":"Pol\u00edtica de Privacidade"},"content":{"rendered":"<div data-elementor-type=\"wp-page\" data-elementor-id=\"41854\" class=\"elementor elementor-41854\" data-elementor-post-type=\"page\">\n\t\t\t\t<div class=\"elementor-element elementor-element-15a6f81 e-flex e-con-boxed cmsmasters-bg-hide-none cmsmasters-bg-hide-none cmsmasters-block-default e-con e-parent\" data-id=\"15a6f81\" data-element_type=\"container\" data-settings=\"{&quot;background_background&quot;:&quot;classic&quot;}\">\n\t\t\t\t\t<div class=\"e-con-inner\">\n\t\t\t\t\t<\/div>\n\t\t\t\t<\/div>\n\t\t<div class=\"elementor-element elementor-element-5267bcd e-flex e-con-boxed cmsmasters-block-default e-con e-parent\" data-id=\"5267bcd\" data-element_type=\"container\">\n\t\t\t\t\t<div class=\"e-con-inner\">\n\t\t\t\t<div class=\"elementor-element elementor-element-b2b38fd cmsmasters-block-default cmsmasters-sticky-default elementor-widget elementor-widget-text-editor\" data-id=\"b2b38fd\" data-element_type=\"widget\" data-widget_type=\"text-editor.default\">\n\t\t\t\t\t\t\t\t\t<div class=\"elementor-element elementor-element-0d101d9 elementor-widget elementor-widget-text-editor\" data-id=\"0d101d9\" data-element_type=\"widget\" data-widget_type=\"text-editor.default\"><p>Para n\u00f3s a sua privacidade \u00e9 um assunto s\u00e9rio. Conhe\u00e7a aqui tudo sobre a prote\u00e7\u00e3o da privacidade e dos dados pessoais dos nossos clientes e utilizadores dos nossos servi\u00e7os.<\/p><\/div><div class=\"elementor-element elementor-element-3500e73 elementor-widget elementor-widget-text-editor\" data-id=\"3500e73\" data-element_type=\"widget\" data-widget_type=\"text-editor.default\"><div class=\"elementor-widget-container\"><p>QUE DADOS PESSOAIS RECOLHEMOS?<\/p><\/div><\/div><div class=\"elementor-element elementor-element-e355108 elementor-widget elementor-widget-text-editor\" data-id=\"e355108\" data-element_type=\"widget\" data-widget_type=\"text-editor.default\"><div class=\"elementor-widget-container\"><table><tbody><tr><th>CATEGORIAS DE DADOS<\/th><th>EXEMPLOS<\/th><\/tr><tr><td>Identifica\u00e7\u00e3o<\/td><td>Nome, NIF, Morada, Data de Nascimento, Estado Civil<\/td><\/tr><tr><td>Contacto<\/td><td>Telefone e E-mail<\/td><\/tr><tr><td>Perfil e Interesses<\/td><td>Servi\u00e7os e produtos adquiridos, frequ\u00eancia de visita, datas das visitas, hist\u00f3rico t\u00e9cnico, etc<\/td><\/tr><\/tbody><\/table><\/div><\/div><div class=\"elementor-element elementor-element-96e406a elementor-widget elementor-widget-text-editor\" data-id=\"96e406a\" data-element_type=\"widget\" data-widget_type=\"text-editor.default\"><div class=\"elementor-widget-container\">QUEM \u00c9 O RESPONS\u00c1VEL PELO TRATAMENTO DOS SEUS DADOS PESSOAIS? PORQUE \u00c9 QUE RECOLHEMOS ESTES DADOS?<\/div><\/div><div class=\"elementor-element elementor-element-77e6470 elementor-widget elementor-widget-text-editor\" data-id=\"77e6470\" data-element_type=\"widget\" data-widget_type=\"text-editor.default\"><div class=\"elementor-widget-container\"><p>\u2022 Consentimento<br \/>Quando temos o seu consentimento pr\u00e9vio e expresso por escrito em papel ou online.<\/p><p>\u2022 Na vig\u00eancia de um contrato de presta\u00e7\u00e3o de servi\u00e7os<br \/>Quando o tratamento de dados pessoais \u00e9 necess\u00e1rio para a celebra\u00e7\u00e3o, execu\u00e7\u00e3o e gest\u00e3o do contrato de presta\u00e7\u00e3o de servi\u00e7os.<\/p><p>\u2022 Cumprimento de obriga\u00e7\u00e3o legal<br \/>Quando o tratamento de dados pessoais \u00e9 necess\u00e1rio para cumprir uma obriga\u00e7\u00e3o legal a que a SOFLI esteja sujeita de forma direta ou indireta (por for\u00e7a do contrato de presta\u00e7\u00e3o de servi\u00e7os com o cliente).<\/p><\/div><\/div><div class=\"elementor-element elementor-element-b2c9c52 elementor-widget elementor-widget-text-editor\" data-id=\"b2c9c52\" data-element_type=\"widget\" data-widget_type=\"text-editor.default\"><div class=\"elementor-widget-container\"><p>COM QUEM PARTILHAMOS OS SEUS DADOS PESSOAIS?<\/p><\/div><\/div><div class=\"elementor-element elementor-element-299ca5f elementor-widget elementor-widget-text-editor\" data-id=\"299ca5f\" data-element_type=\"widget\" data-widget_type=\"text-editor.default\"><div class=\"elementor-widget-container\"><p>\u2022 Organismos p\u00fablicos (Autoridade Tribut\u00e1ria, Tribunais, etc.)<br \/>Entidades a quem os dados tenham de ser comunicados por for\u00e7a da lei.<\/p><p>\u2022 Subcontratantes<br \/>Os seus dados podem ser transmitidos a subcontratantes para que estes os tratem em nosso nome.<br \/>Neste caso tomaremos as medidas contratuais necess\u00e1rias para garantir que os subcontratantes respeitam e protegem os dados pessoais do titular.<\/p><\/div><\/div><div class=\"elementor-element elementor-element-8fa35f6 elementor-widget elementor-widget-text-editor\" data-id=\"8fa35f6\" data-element_type=\"widget\" data-widget_type=\"text-editor.default\"><div class=\"elementor-widget-container\"><p>O QUE FAZEMOS COM OS DADOS PESSOAIS?<\/p><\/div><\/div><div class=\"elementor-element elementor-element-ac8097c elementor-widget elementor-widget-text-editor\" data-id=\"ac8097c\" data-element_type=\"widget\" data-widget_type=\"text-editor.default\"><div class=\"elementor-widget-container\"><p>Os dados pessoais podem ser utilizados para cobran\u00e7a de servi\u00e7os; divulga\u00e7\u00e3o de campanhas de marketing; defini\u00e7\u00e3o de perfis de consumo, otimiza\u00e7\u00e3o da experi\u00eancia do cliente; adapta\u00e7\u00e3o e desenvolvimento de novos produtos ou servi\u00e7os.<\/p><\/div><\/div><div class=\"elementor-element elementor-element-60e8213 elementor-widget elementor-widget-text-editor\" data-id=\"60e8213\" data-element_type=\"widget\" data-widget_type=\"text-editor.default\"><div class=\"elementor-widget-container\"><p>POR QUANTO TEMPO ARMAZENAMOS OS DADOS PESSOAIS?<\/p><\/div><\/div><div class=\"elementor-element elementor-element-b16873d elementor-widget elementor-widget-text-editor\" data-id=\"b16873d\" data-element_type=\"widget\" data-widget_type=\"text-editor.default\"><div class=\"elementor-widget-container\"><p>\u2022 Dados obrigat\u00f3rios para o cumprimento das obriga\u00e7\u00f5es legais<br \/>Ser\u00e3o guardados pelo per\u00edodo legal exigido (por exemplo, Administra\u00e7\u00e3o Tribut\u00e1ria \u2013 12 anos).<\/p><p>\u2022 Outros dados<br \/>Ser\u00e3o guardados apenas pelo per\u00edodo de tempo necess\u00e1rio para a realiza\u00e7\u00e3o da finalidade definida ou, consoante o que for aplic\u00e1vel, at\u00e9 que exer\u00e7a o seu direito de oposi\u00e7\u00e3o, direito a ser esquecido ou retire o consentimento.<\/p><\/div><\/div><div class=\"elementor-element elementor-element-836cafa elementor-widget elementor-widget-text-editor\" data-id=\"836cafa\" data-element_type=\"widget\" data-widget_type=\"text-editor.default\"><div class=\"elementor-widget-container\"><p>COMO PODE ACEDER AOS DADOS PESSOAIS QUE DETEMOS?<\/p><\/div><\/div><div class=\"elementor-element elementor-element-a9dc5f0 elementor-widget elementor-widget-text-editor\" data-id=\"a9dc5f0\" data-element_type=\"widget\" data-widget_type=\"text-editor.default\"><div class=\"elementor-widget-container\"><p>Pode solicitar a qualquer momento o acesso aos seus dados pessoais mediante pedido escrito para o endere\u00e7o\u00a0<a href=\"mailto:info@sofli.pt\">info@sofli.pt<\/a>\u00a0e responderemos no prazo m\u00e1ximo de 30 dias. Pode tamb\u00e9m consultar a nossa pol\u00edtica de privacidade a qualquer momento online em\u00a0<a href=\"https:\/\/sofli.pt\/pt_br\/\" target=\"_blank\" rel=\"noopener\">https:\/\/sofli.pt\/<\/a>.\u00a0Assumimos o compromisso de total transpar\u00eancia e n\u00e3o ocultaremos informa\u00e7\u00e3o em letras pequenas.<\/p><\/div><\/div><div class=\"elementor-element elementor-element-f75e080 elementor-widget elementor-widget-text-editor\" data-id=\"f75e080\" data-element_type=\"widget\" data-widget_type=\"text-editor.default\"><div class=\"elementor-widget-container\"><p>QUAIS S\u00c3O OS DIREITOS E COMO PODE EXERC\u00ca-LOS?<\/p><\/div><\/div><div class=\"elementor-element elementor-element-203151a elementor-widget elementor-widget-text-editor\" data-id=\"203151a\" data-element_type=\"widget\" data-widget_type=\"text-editor.default\"><div class=\"elementor-widget-container\"><p>\u2022 Direito de Acesso<br \/>Direito a obter a confirma\u00e7\u00e3o de quais s\u00e3o os seus dados pessoais que s\u00e3o tratados e informa\u00e7\u00e3o sobre os mesmos, como por exemplo, quais as finalidades do tratamento, quais os prazos de conserva\u00e7\u00e3o, entre outros.<\/p><p>\u2022 Direito de Retifica\u00e7\u00e3o<br \/>Direito de solicitar a retifica\u00e7\u00e3o dos seus dados pessoais que se encontrem inexatos ou solicitar que os dados pessoais incompletos sejam completados.<\/p><p>\u2022 Direito ao Apagamento ou Esquecimento<br \/>Direito de obter o apagamento dos seus dados pessoais, desde que n\u00e3o se verifiquem fundamentos v\u00e1lidos e nomeadamente legais para a sua conserva\u00e7\u00e3o (por exemplo, obriga\u00e7\u00f5es legais impostas pela Autoridade Tribut\u00e1ria ou Tribunais).<\/p><p>\u2022 Direito \u00e0 Portabilidade<br \/>Direito de receber os dados que forneceu em formato digital de uso corrente ou de solicitar a transmiss\u00e3o direta dos seus dados para outra entidade.<\/p><p>\u2022 Direito de Oposi\u00e7\u00e3o<br \/>Direito de se opor ou retirar o seu consentimento, a qualquer momento a um tratamento de dados, desde que n\u00e3o se verifiquem fundamentos v\u00e1lidos e nomeadamente legais para a sua conserva\u00e7\u00e3o (por exemplo, obriga\u00e7\u00f5es legais impostas pela Autoridade Tribut\u00e1ria ou Tribunais).<\/p><p>\u2022 Direito de Limita\u00e7\u00e3o<br \/>Direito a solicitar a limita\u00e7\u00e3o do tratamento dos seus dados pessoais, sob a forma de suspens\u00e3o do tratamento ou limita\u00e7\u00e3o do \u00e2mbito do tratamento a certas categorias de dados ou finalidades de tratamento, desde que n\u00e3o se verifiquem fundamentos v\u00e1lidos e nomeadamente legais para a sua conserva\u00e7\u00e3o (por exemplo, obriga\u00e7\u00f5es legais impostas pela Autoridade Tribut\u00e1ria ou Tribunais).<\/p><p>\u2022 Direito de N\u00e3o Sujei\u00e7\u00e3o a Decis\u00f5es Automatizadas<br \/>Direito a n\u00e3o estar sujeito a decis\u00f5es tomadas exclusivamente com base num tratamento de dados feito por um programa inform\u00e1tico destinado a avaliar determinadas caracter\u00edsticas do titular de dados, desde que n\u00e3o se verifiquem fundamentos v\u00e1lidos e nomeadamente legais para a sua conserva\u00e7\u00e3o (por exemplo, obriga\u00e7\u00f5es legais impostas pela Autoridade Tribut\u00e1ria ou Tribunais).<\/p><p>\u2022 Direito de Reclama\u00e7\u00e3o<br \/>Direito de apresentar reclama\u00e7\u00e3o \u00e0 SOFLI e\/ou \u00e0 autoridade de controlo (CNPD), atrav\u00e9s dos seguintes contactos:<br \/>Morada: Rua de S\u00e3o Bento n.\u00ba 148-3\u00ba 1200-821 Lisboa<br \/>Tel.: +351 213928400 \u2013 Fax: +351 213976832 E-mail: geral@cnpd.pt<\/p><p>\u2022 Direito de Notifica\u00e7\u00e3o<br \/>Direito de ser notificado pelo respons\u00e1vel pelo tratamento dos dados pessoais de situa\u00e7\u00f5es em que tenha havido retifica\u00e7\u00e3o ou apagamento dos dados ou viola\u00e7\u00e3o dos dados pessoais com risco elevado para os direitos e liberdades pessoais, salvo se tal se revelar de todo imposs\u00edvel ou implicar um esfor\u00e7o desproporcionado.<\/p><p>O exerc\u00edcio dos seus direitos pode ser solicitado a qualquer momento mediante pedido escrito para o endere\u00e7o<br \/><a href=\"mailto:info@sofli.pt\">info@sofli.pt<\/a>.<br \/>Responderemos sempre no prazo m\u00e1ximo de 30 dias.<\/p><\/div><\/div>\t\t\t\t\t\t\t\t<\/div>\n\t\t\t\t\t<\/div>\n\t\t\t\t<\/div>\n\t\t\t\t<\/div>","protected":false},"excerpt":{"rendered":"<p>Para n\u00f3s a sua privacidade \u00e9 um assunto s\u00e9rio. Conhe\u00e7a aqui tudo sobre a prote\u00e7\u00e3o da privacidade e dos dados pessoais dos nossos clientes e utilizadores dos nossos servi\u00e7os. QUE DADOS PESSOAIS RECOLHEMOS? CATEGORIAS DE DADOS EXEMPLOS Identifica\u00e7\u00e3o Nome, NIF, Morada, Data de Nascimento, Estado Civil Contacto Telefone e E-mail Perfil e Interesses Servi\u00e7os e&#8230;<\/p>","protected":false},"author":1,"featured_media":0,"parent":0,"menu_order":0,"comment_status":"closed","ping_status":"closed","template":"","meta":{"_acf_changed":false,"_joinchat":[],"footnotes":""},"class_list":["post-41854","page","type-page","status-publish","hentry"],"acf":[],"_links":{"self":[{"href":"https:\/\/sofli.pt\/pt_br\/wp-json\/wp\/v2\/pages\/41854","targetHints":{"allow":["GET"]}}],"collection":[{"href":"https:\/\/sofli.pt\/pt_br\/wp-json\/wp\/v2\/pages"}],"about":[{"href":"https:\/\/sofli.pt\/pt_br\/wp-json\/wp\/v2\/types\/page"}],"author":[{"embeddable":true,"href":"https:\/\/sofli.pt\/pt_br\/wp-json\/wp\/v2\/users\/1"}],"replies":[{"embeddable":true,"href":"https:\/\/sofli.pt\/pt_br\/wp-json\/wp\/v2\/comments?post=41854"}],"version-history":[{"count":22,"href":"https:\/\/sofli.pt\/pt_br\/wp-json\/wp\/v2\/pages\/41854\/revisions"}],"predecessor-version":[{"id":41876,"href":"https:\/\/sofli.pt\/pt_br\/wp-json\/wp\/v2\/pages\/41854\/revisions\/41876"}],"wp:attachment":[{"href":"https:\/\/sofli.pt\/pt_br\/wp-json\/wp\/v2\/media?parent=41854"}],"curies":[{"name":"wp","href":"https:\/\/api.w.org\/{rel}","templated":true}]}}