{"id":41895,"date":"2026-02-22T15:22:02","date_gmt":"2026-02-22T18:22:02","guid":{"rendered":"https:\/\/sofli.pt\/?page_id=41895"},"modified":"2026-03-10T00:56:25","modified_gmt":"2026-03-10T00:56:25","slug":"politica-de-cookies","status":"publish","type":"page","link":"https:\/\/sofli.pt\/pt_br\/politica-de-cookies\/","title":{"rendered":"Pol\u00edtica de Cookies"},"content":{"rendered":"<div data-elementor-type=\"wp-page\" data-elementor-id=\"41895\" class=\"elementor elementor-41895\" data-elementor-post-type=\"page\">\n\t\t\t\t<div class=\"elementor-element elementor-element-15a6f81 e-flex e-con-boxed cmsmasters-bg-hide-none cmsmasters-bg-hide-none cmsmasters-block-default e-con e-parent\" data-id=\"15a6f81\" data-element_type=\"container\" data-settings=\"{&quot;background_background&quot;:&quot;classic&quot;}\">\n\t\t\t\t\t<div class=\"e-con-inner\">\n\t\t\t\t\t<\/div>\n\t\t\t\t<\/div>\n\t\t<div class=\"elementor-element elementor-element-5267bcd e-flex e-con-boxed cmsmasters-block-default e-con e-parent\" data-id=\"5267bcd\" data-element_type=\"container\">\n\t\t\t\t\t<div class=\"e-con-inner\">\n\t\t\t\t<div class=\"elementor-element elementor-element-b2b38fd cmsmasters-block-default cmsmasters-sticky-default elementor-widget elementor-widget-text-editor\" data-id=\"b2b38fd\" data-element_type=\"widget\" data-widget_type=\"text-editor.default\">\n\t\t\t\t\t\t\t\t\t<div class=\"elementor-element elementor-element-0d101d9 elementor-widget elementor-widget-text-editor\" data-id=\"0d101d9\" data-element_type=\"widget\" data-widget_type=\"text-editor.default\"><div class=\"elementor-element elementor-element-77e6470 elementor-widget elementor-widget-text-editor\" data-id=\"77e6470\" data-element_type=\"widget\" data-widget_type=\"text-editor.default\"><div class=\"elementor-widget-container\"><p>Usamos cookies para melhorar o desempenho e a sua experi\u00eancia como utilizador.<\/p><\/div><\/div><div class=\"elementor-element elementor-element-299ca5f elementor-widget elementor-widget-text-editor\" data-id=\"299ca5f\" data-element_type=\"widget\" data-widget_type=\"text-editor.default\"><div class=\"elementor-widget-container\"><p>Os cookies s\u00e3o pequenos ficheiros que armazenam dados no computador, TV, telem\u00f3vel ou outro dispositivo do titular dos dados que utilize determinados Servi\u00e7os. Permitem que a entidade que coloca o cookie no dispositivo o reconhe\u00e7a em diferentes websites, servi\u00e7os, dispositivos e\/ou sess\u00f5es de navega\u00e7\u00e3o.<\/p><\/div><\/div><div class=\"elementor-element elementor-element-9376e09 elementor-widget elementor-widget-text-editor\" data-id=\"9376e09\" data-element_type=\"widget\" data-widget_type=\"text-editor.default\"><div class=\"elementor-widget-container\"><p>A qualquer momento o utilizador pode, atrav\u00e9s do seu navegador de internet (browser) decidir ser notificado sobre a rece\u00e7\u00e3o de cookies, bem como bloquear a respectiva entrada no seu sistema.<\/p><\/div><\/div><div class=\"elementor-element elementor-element-a09e829 elementor-widget elementor-widget-text-editor\" data-id=\"a09e829\" data-element_type=\"widget\" data-widget_type=\"text-editor.default\"><div class=\"elementor-widget-container\"><p>A recusa de uso de cookies no site, pode resultar na impossibilidade de ter acesso a algumas das suas \u00e1reas ou de receber informa\u00e7\u00e3o personalizada.<br \/><span class=\"actAsPara\">Pode obter mais informa\u00e7\u00f5es sobre cookies no seguinte link:\u00a0<a href=\"http:\/\/www.allaboutcookies.org\/\" target=\"_blank\" rel=\"noopener\">www.allaboutcookies.org<\/a><\/span><\/p><\/div><\/div><\/div>\t\t\t\t\t\t\t\t<\/div>\n\t\t\t\t\t<\/div>\n\t\t\t\t<\/div>\n\t\t\t\t<\/div>","protected":false},"excerpt":{"rendered":"<p>Usamos cookies para melhorar o desempenho e a sua experi\u00eancia como utilizador. Os cookies s\u00e3o pequenos ficheiros que armazenam dados no computador, TV, telem\u00f3vel ou outro dispositivo do titular dos dados que utilize determinados Servi\u00e7os. Permitem que a entidade que coloca o cookie no dispositivo o reconhe\u00e7a em diferentes websites, servi\u00e7os, dispositivos e\/ou sess\u00f5es de&#8230;<\/p>","protected":false},"author":1,"featured_media":0,"parent":0,"menu_order":0,"comment_status":"closed","ping_status":"closed","template":"","meta":{"_acf_changed":false,"_joinchat":[],"footnotes":""},"class_list":["post-41895","page","type-page","status-publish","hentry"],"acf":[],"_links":{"self":[{"href":"https:\/\/sofli.pt\/pt_br\/wp-json\/wp\/v2\/pages\/41895","targetHints":{"allow":["GET"]}}],"collection":[{"href":"https:\/\/sofli.pt\/pt_br\/wp-json\/wp\/v2\/pages"}],"about":[{"href":"https:\/\/sofli.pt\/pt_br\/wp-json\/wp\/v2\/types\/page"}],"author":[{"embeddable":true,"href":"https:\/\/sofli.pt\/pt_br\/wp-json\/wp\/v2\/users\/1"}],"replies":[{"embeddable":true,"href":"https:\/\/sofli.pt\/pt_br\/wp-json\/wp\/v2\/comments?post=41895"}],"version-history":[{"count":7,"href":"https:\/\/sofli.pt\/pt_br\/wp-json\/wp\/v2\/pages\/41895\/revisions"}],"predecessor-version":[{"id":41925,"href":"https:\/\/sofli.pt\/pt_br\/wp-json\/wp\/v2\/pages\/41895\/revisions\/41925"}],"wp:attachment":[{"href":"https:\/\/sofli.pt\/pt_br\/wp-json\/wp\/v2\/media?parent=41895"}],"curies":[{"name":"wp","href":"https:\/\/api.w.org\/{rel}","templated":true}]}}