{"id":41900,"date":"2026-02-22T15:23:26","date_gmt":"2026-02-22T18:23:26","guid":{"rendered":"https:\/\/sofli.pt\/?page_id=41900"},"modified":"2026-03-09T21:51:45","modified_gmt":"2026-03-10T00:51:45","slug":"aviso-legal","status":"publish","type":"page","link":"https:\/\/sofli.pt\/pt_br\/aviso-legal\/","title":{"rendered":"Aviso Legal"},"content":{"rendered":"<div data-elementor-type=\"wp-page\" data-elementor-id=\"41900\" class=\"elementor elementor-41900\" data-elementor-post-type=\"page\">\n\t\t\t\t<div class=\"elementor-element elementor-element-15a6f81 e-flex e-con-boxed cmsmasters-bg-hide-none cmsmasters-bg-hide-none cmsmasters-block-default e-con e-parent\" data-id=\"15a6f81\" data-element_type=\"container\" data-settings=\"{&quot;background_background&quot;:&quot;classic&quot;}\">\n\t\t\t\t\t<div class=\"e-con-inner\">\n\t\t\t\t\t<\/div>\n\t\t\t\t<\/div>\n\t\t<div class=\"elementor-element elementor-element-5267bcd e-flex e-con-boxed cmsmasters-block-default e-con e-parent\" data-id=\"5267bcd\" data-element_type=\"container\">\n\t\t\t\t\t<div class=\"e-con-inner\">\n\t\t\t\t<div class=\"elementor-element elementor-element-b2b38fd cmsmasters-block-default cmsmasters-sticky-default elementor-widget elementor-widget-text-editor\" data-id=\"b2b38fd\" data-element_type=\"widget\" data-widget_type=\"text-editor.default\">\n\t\t\t\t\t\t\t\t\t<div class=\"elementor-element elementor-element-0d101d9 elementor-widget elementor-widget-text-editor\" data-id=\"0d101d9\" data-element_type=\"widget\" data-widget_type=\"text-editor.default\"><div class=\"elementor-element elementor-element-77e6470 elementor-widget elementor-widget-text-editor\" data-id=\"77e6470\" data-element_type=\"widget\" data-widget_type=\"text-editor.default\"><div class=\"elementor-widget-container\"><div class=\"elementor-element elementor-element-77e6470 elementor-widget elementor-widget-text-editor\" data-id=\"77e6470\" data-element_type=\"widget\" data-widget_type=\"text-editor.default\"><div class=\"elementor-widget-container\"><p>Todo o conte\u00fado deste site da Internet propriedade ou controlado por SOFLI e est\u00e1 protegido pelas leis internacionais do copyright. Pode fazer download do conte\u00fado apenas para uso pessoal para fins no comerciais, mas n\u00e3o s\u00e3o permitidas a modifica\u00e7\u00e3o ou posterior reprodu\u00e7\u00e3o do conte\u00fado. De outro modo, o conte\u00fado no pode ser copiado ou usado de qualquer forma. Os propriet\u00e1rios deste site far\u00e3o os poss\u00ed\u00adveis para incluir informa\u00e7\u00e3o atualizada e exata neste site da Internet, mas no apresentam declara\u00e7\u00f5es, garantias ou certezas quanto exatid\u00e3o, aceita\u00e7\u00e3o, ou integridade da informa\u00e7\u00e3o disponibilizada.<\/p><\/div><\/div><div class=\"elementor-element elementor-element-299ca5f elementor-widget elementor-widget-text-editor\" data-id=\"299ca5f\" data-element_type=\"widget\" data-widget_type=\"text-editor.default\"><div class=\"elementor-widget-container\"><p>Os propriet\u00e1rios deste site n\u00e3o poder\u00e3o ser responsabilizados por quaisquer danos ou preju\u00ed\u00adzos resultantes do seu acesso, ou incapacidade de acesso, a este site da Internet, ou da sua depend\u00eancia em rela\u00e7\u00e3o a qualquer informa\u00e7\u00e3o fornecida neste site da Internet. Este site da Internet pode apresentar links ou refer\u00eancias a outros sites mas os propriet\u00e1rios deste site n\u00e3o t\u00eam qualquer responsabilidade pelo conte\u00fado de sites de Terceiros e n\u00e3o poder\u00e3o ser responsabilizados por quaisquer danos ou preju\u00ed\u00adzos resultantes desses conte\u00fados.<\/p><\/div><\/div><div class=\"elementor-element elementor-element-9376e09 elementor-widget elementor-widget-text-editor\" data-id=\"9376e09\" data-element_type=\"widget\" data-widget_type=\"text-editor.default\"><div class=\"elementor-widget-container\"><p>Quaisquer links para outros sites s\u00e3o apresentados meramente como uma comodidade para os utilizadores deste site da Internet. Qualquer informa\u00e7\u00e3o pessoal identific\u00e1vel em comunica\u00e7\u00f5es eletr\u00f3nicas para este site regulada pela Pol\u00ed\u00adtica de Privacidade do mesmo.<\/p><\/div><\/div><div class=\"elementor-element elementor-element-a09e829 elementor-widget elementor-widget-text-editor\" data-id=\"a09e829\" data-element_type=\"widget\" data-widget_type=\"text-editor.default\"><div class=\"elementor-widget-container\"><p>Os propriet\u00e1rios deste site ser\u00e3o livres de usar ou copiar todas as outras informa\u00e7\u00f5es em tais comunica\u00e7\u00f5es, incluindo quaisquer ideias, inven\u00e7\u00f5es, conceitos, t\u00e9cnicas ou conhecimentos ali divulgados, para quaisquer fins. Tais fins podem incluir a divulga\u00e7\u00e3o a terceiros e\/ ou o desenvolvimento, fabrico e\/ ou a comercializa\u00e7\u00e3o de bens e servi\u00e7os.<\/p><\/div><\/div><div class=\"elementor-element elementor-element-b2c9833 elementor-widget elementor-widget-text-editor\" data-id=\"b2c9833\" data-element_type=\"widget\" data-widget_type=\"text-editor.default\"><div class=\"elementor-widget-container\"><p>O remetente de quaisquer comunica\u00e7\u00f5es para este site da Internet ou, de outro modo, para os propriet\u00e1rios deste site ser respons\u00e1vel pelo conte\u00fado e informa\u00e7\u00f5es ali contidas, incluindo a sua autenticidade e exactid\u00e3o. O conte\u00fado deste site destina-se a ser um servi\u00e7o para os seus visitantes. Em qualquer altura o propriet\u00e1rio ser livre de corrigir este site sem aviso pr\u00e9vio.<\/p><\/div><\/div><\/div><\/div><div class=\"elementor-element elementor-element-a09e829 elementor-widget elementor-widget-text-editor\" data-id=\"a09e829\" data-element_type=\"widget\" data-widget_type=\"text-editor.default\"><div class=\"elementor-widget-container\"><p>\u00a0<\/p><\/div><\/div><\/div>\t\t\t\t\t\t\t\t<\/div>\n\t\t\t\t\t<\/div>\n\t\t\t\t<\/div>\n\t\t\t\t<\/div>","protected":false},"excerpt":{"rendered":"<p>Todo o conte\u00fado deste site da Internet propriedade ou controlado por SOFLI e est\u00e1 protegido pelas leis internacionais do copyright. Pode fazer download do conte\u00fado apenas para uso pessoal para fins no comerciais, mas n\u00e3o s\u00e3o permitidas a modifica\u00e7\u00e3o ou posterior reprodu\u00e7\u00e3o do conte\u00fado. De outro modo, o conte\u00fado no pode ser copiado ou usado&#8230;<\/p>","protected":false},"author":1,"featured_media":0,"parent":0,"menu_order":0,"comment_status":"closed","ping_status":"closed","template":"","meta":{"_acf_changed":false,"_joinchat":[],"footnotes":""},"class_list":["post-41900","page","type-page","status-publish","hentry"],"acf":[],"_links":{"self":[{"href":"https:\/\/sofli.pt\/pt_br\/wp-json\/wp\/v2\/pages\/41900","targetHints":{"allow":["GET"]}}],"collection":[{"href":"https:\/\/sofli.pt\/pt_br\/wp-json\/wp\/v2\/pages"}],"about":[{"href":"https:\/\/sofli.pt\/pt_br\/wp-json\/wp\/v2\/types\/page"}],"author":[{"embeddable":true,"href":"https:\/\/sofli.pt\/pt_br\/wp-json\/wp\/v2\/users\/1"}],"replies":[{"embeddable":true,"href":"https:\/\/sofli.pt\/pt_br\/wp-json\/wp\/v2\/comments?post=41900"}],"version-history":[{"count":7,"href":"https:\/\/sofli.pt\/pt_br\/wp-json\/wp\/v2\/pages\/41900\/revisions"}],"predecessor-version":[{"id":41928,"href":"https:\/\/sofli.pt\/pt_br\/wp-json\/wp\/v2\/pages\/41900\/revisions\/41928"}],"wp:attachment":[{"href":"https:\/\/sofli.pt\/pt_br\/wp-json\/wp\/v2\/media?parent=41900"}],"curies":[{"name":"wp","href":"https:\/\/api.w.org\/{rel}","templated":true}]}}