{"id":41987,"date":"2026-02-22T16:16:01","date_gmt":"2026-02-22T19:16:01","guid":{"rendered":"https:\/\/sofli.pt\/?page_id=41987"},"modified":"2026-03-10T00:56:37","modified_gmt":"2026-03-10T00:56:37","slug":"politica-de-sustentabilidade","status":"publish","type":"page","link":"https:\/\/sofli.pt\/pt_br\/politica-de-sustentabilidade\/","title":{"rendered":"Pol\u00edtica de Sustentabilidade"},"content":{"rendered":"<div data-elementor-type=\"wp-page\" data-elementor-id=\"41987\" class=\"elementor elementor-41987\" data-elementor-post-type=\"page\">\n\t\t\t\t<div class=\"elementor-element elementor-element-15a6f81 e-flex e-con-boxed cmsmasters-bg-hide-none cmsmasters-bg-hide-none cmsmasters-block-default e-con e-parent\" data-id=\"15a6f81\" data-element_type=\"container\" data-settings=\"{&quot;background_background&quot;:&quot;classic&quot;}\">\n\t\t\t\t\t<div class=\"e-con-inner\">\n\t\t\t\t\t<\/div>\n\t\t\t\t<\/div>\n\t\t<div class=\"elementor-element elementor-element-5267bcd e-flex e-con-boxed cmsmasters-block-default e-con e-parent\" data-id=\"5267bcd\" data-element_type=\"container\">\n\t\t\t\t\t<div class=\"e-con-inner\">\n\t\t\t\t<div class=\"elementor-element elementor-element-b2b38fd cmsmasters-block-default cmsmasters-sticky-default elementor-widget elementor-widget-text-editor\" data-id=\"b2b38fd\" data-element_type=\"widget\" data-widget_type=\"text-editor.default\">\n\t\t\t\t\t\t\t\t\t<div class=\"elementor-element elementor-element-0d101d9 elementor-widget elementor-widget-text-editor\" data-id=\"0d101d9\" data-element_type=\"widget\" data-widget_type=\"text-editor.default\"><div class=\"elementor-element elementor-element-77e6470 elementor-widget elementor-widget-text-editor\" data-id=\"77e6470\" data-element_type=\"widget\" data-widget_type=\"text-editor.default\"><div class=\"elementor-widget-container\"><h2 data-start=\"374\" data-end=\"425\">1. Compromisso com o Desenvolvimento Sustent\u00e1vel<\/h2><p data-start=\"427\" data-end=\"623\">A <strong data-start=\"429\" data-end=\"438\">Sofli<\/strong> assume a sustentabilidade como um princ\u00edpio orientador da sua atividade, integrando preocupa\u00e7\u00f5es ambientais, sociais e econ\u00f3micas na conce\u00e7\u00e3o, produ\u00e7\u00e3o e comercializa\u00e7\u00e3o de mobili\u00e1rio.<\/p><p data-start=\"625\" data-end=\"773\">Reconhecemos a responsabilidade de minimizar o impacto ambiental das nossas opera\u00e7\u00f5es e de contribuir para um futuro mais equilibrado e respons\u00e1vel.<\/p><hr data-start=\"775\" data-end=\"778\" \/><h2 data-start=\"780\" data-end=\"820\">2. Utiliza\u00e7\u00e3o Respons\u00e1vel de Recursos<\/h2><p data-start=\"822\" data-end=\"841\">Comprometemo-nos a:<\/p><ul data-start=\"843\" data-end=\"1153\"><li data-start=\"843\" data-end=\"895\"><p data-start=\"845\" data-end=\"895\">Selecionar mat\u00e9rias-primas de origem respons\u00e1vel<\/p><\/li><li data-start=\"896\" data-end=\"966\"><p data-start=\"898\" data-end=\"966\">Privilegiar fornecedores que cumpram crit\u00e9rios ambientais e \u00e9ticos<\/p><\/li><li data-start=\"967\" data-end=\"1030\"><p data-start=\"969\" data-end=\"1030\">Reduzir o desperd\u00edcio de materiais nos processos produtivos<\/p><\/li><li data-start=\"1031\" data-end=\"1090\"><p data-start=\"1033\" data-end=\"1090\">Promover a efici\u00eancia energ\u00e9tica nas nossas instala\u00e7\u00f5es<\/p><\/li><li data-start=\"1091\" data-end=\"1153\"><p data-start=\"1093\" data-end=\"1153\">Incentivar a reutiliza\u00e7\u00e3o e reciclagem sempre que poss\u00edvel<\/p><\/li><\/ul><p data-start=\"1155\" data-end=\"1243\">A gest\u00e3o eficiente de recursos \u00e9 essencial para garantir sustentabilidade a longo prazo.<\/p><hr data-start=\"1245\" data-end=\"1248\" \/><h2 data-start=\"1250\" data-end=\"1275\">3. Produ\u00e7\u00e3o Consciente<\/h2><p data-start=\"1277\" data-end=\"1341\">A Sofli promove pr\u00e1ticas de produ\u00e7\u00e3o respons\u00e1veis, nomeadamente:<\/p><ul data-start=\"1343\" data-end=\"1544\"><li data-start=\"1343\" data-end=\"1397\"><p data-start=\"1345\" data-end=\"1397\">Optimiza\u00e7\u00e3o dos processos para redu\u00e7\u00e3o de res\u00edduos<\/p><\/li><li data-start=\"1398\" data-end=\"1435\"><p data-start=\"1400\" data-end=\"1435\">Controlo rigoroso de desperd\u00edcios<\/p><\/li><li data-start=\"1436\" data-end=\"1493\"><p data-start=\"1438\" data-end=\"1493\">Avalia\u00e7\u00e3o cont\u00ednua do impacto ambiental das opera\u00e7\u00f5es<\/p><\/li><li data-start=\"1494\" data-end=\"1544\"><p data-start=\"1496\" data-end=\"1544\">Melhoria progressiva das solu\u00e7\u00f5es de embalagem<\/p><\/li><\/ul><p data-start=\"1546\" data-end=\"1610\">Trabalhamos para reduzir a pegada ambiental dos nossos produtos.<\/p><hr data-start=\"1612\" data-end=\"1615\" \/><h2 data-start=\"1617\" data-end=\"1674\">4. Durabilidade e Qualidade como Princ\u00edpio Sustent\u00e1vel<\/h2><p data-start=\"1676\" data-end=\"1764\">Acreditamos que a sustentabilidade tamb\u00e9m se traduz na cria\u00e7\u00e3o de produtos duradouros.<\/p><p data-start=\"1766\" data-end=\"1958\">Ao desenvolver mobili\u00e1rio resistente e de qualidade, promovemos o consumo consciente e reduzimos a necessidade de substitui\u00e7\u00e3o frequente, contribuindo para a redu\u00e7\u00e3o de res\u00edduos a longo prazo.<\/p><hr data-start=\"1960\" data-end=\"1963\" \/><h2 data-start=\"1965\" data-end=\"1994\">5. Responsabilidade Social<\/h2><p data-start=\"1996\" data-end=\"2020\">A Sofli compromete-se a:<\/p><ul data-start=\"2022\" data-end=\"2276\"><li data-start=\"2022\" data-end=\"2074\"><p data-start=\"2024\" data-end=\"2074\">Assegurar condi\u00e7\u00f5es de trabalho dignas e seguras<\/p><\/li><li data-start=\"2075\" data-end=\"2134\"><p data-start=\"2077\" data-end=\"2134\">Promover uma cultura organizacional \u00e9tica e respons\u00e1vel<\/p><\/li><li data-start=\"2135\" data-end=\"2203\"><p data-start=\"2137\" data-end=\"2203\">Cumprir integralmente a legisla\u00e7\u00e3o laboral e ambiental aplic\u00e1vel<\/p><\/li><li data-start=\"2204\" data-end=\"2276\"><p data-start=\"2206\" data-end=\"2276\">Manter rela\u00e7\u00f5es transparentes com clientes, parceiros e fornecedores<\/p><\/li><\/ul><p data-start=\"2278\" data-end=\"2341\">A sustentabilidade envolve igualmente o respeito pelas pessoas.<\/p><hr data-start=\"2343\" data-end=\"2346\" \/><h2 data-start=\"2348\" data-end=\"2372\">6. Conformidade Legal<\/h2><p data-start=\"2374\" data-end=\"2574\">Garantimos o cumprimento da legisla\u00e7\u00e3o ambiental e regulamenta\u00e7\u00e3o aplic\u00e1vel em Portugal e na Uni\u00e3o Europeia, incluindo normas relativas \u00e0 gest\u00e3o de res\u00edduos, seguran\u00e7a de produtos e prote\u00e7\u00e3o de dados.<\/p><hr data-start=\"2576\" data-end=\"2579\" \/><h2 data-start=\"2581\" data-end=\"2604\">7. Melhoria Cont\u00ednua<\/h2><p data-start=\"2606\" data-end=\"2801\">A Sofli compromete-se a avaliar periodicamente o seu desempenho ambiental e a implementar medidas de melhoria cont\u00ednua, refor\u00e7ando o seu compromisso com pr\u00e1ticas mais sustent\u00e1veis e respons\u00e1veis.<\/p><hr data-start=\"2803\" data-end=\"2806\" \/><h2 data-start=\"2808\" data-end=\"2833\">8. Revis\u00e3o da Pol\u00edtica<\/h2><p data-start=\"2835\" data-end=\"2998\">A presente Pol\u00edtica de Sustentabilidade \u00e9 revista regularmente pela Dire\u00e7\u00e3o, garantindo a sua atualiza\u00e7\u00e3o face \u00e0s exig\u00eancias legais e \u00e0s expectativas da sociedade.<\/p><\/div><\/div><\/div>\t\t\t\t\t\t\t\t<\/div>\n\t\t\t\t\t<\/div>\n\t\t\t\t<\/div>\n\t\t\t\t<\/div>","protected":false},"excerpt":{"rendered":"<p>1. Compromisso com o Desenvolvimento Sustent\u00e1vel A Sofli assume a sustentabilidade como um princ\u00edpio orientador da sua atividade, integrando preocupa\u00e7\u00f5es ambientais, sociais e econ\u00f3micas na conce\u00e7\u00e3o, produ\u00e7\u00e3o e comercializa\u00e7\u00e3o de mobili\u00e1rio. Reconhecemos a responsabilidade de minimizar o impacto ambiental das nossas opera\u00e7\u00f5es e de contribuir para um futuro mais equilibrado e respons\u00e1vel. 2. Utiliza\u00e7\u00e3o Respons\u00e1vel&#8230;<\/p>","protected":false},"author":1,"featured_media":0,"parent":0,"menu_order":0,"comment_status":"closed","ping_status":"closed","template":"","meta":{"_acf_changed":false,"_joinchat":[],"footnotes":""},"class_list":["post-41987","page","type-page","status-publish","hentry"],"acf":[],"_links":{"self":[{"href":"https:\/\/sofli.pt\/pt_br\/wp-json\/wp\/v2\/pages\/41987","targetHints":{"allow":["GET"]}}],"collection":[{"href":"https:\/\/sofli.pt\/pt_br\/wp-json\/wp\/v2\/pages"}],"about":[{"href":"https:\/\/sofli.pt\/pt_br\/wp-json\/wp\/v2\/types\/page"}],"author":[{"embeddable":true,"href":"https:\/\/sofli.pt\/pt_br\/wp-json\/wp\/v2\/users\/1"}],"replies":[{"embeddable":true,"href":"https:\/\/sofli.pt\/pt_br\/wp-json\/wp\/v2\/comments?post=41987"}],"version-history":[{"count":7,"href":"https:\/\/sofli.pt\/pt_br\/wp-json\/wp\/v2\/pages\/41987\/revisions"}],"predecessor-version":[{"id":41995,"href":"https:\/\/sofli.pt\/pt_br\/wp-json\/wp\/v2\/pages\/41987\/revisions\/41995"}],"wp:attachment":[{"href":"https:\/\/sofli.pt\/pt_br\/wp-json\/wp\/v2\/media?parent=41987"}],"curies":[{"name":"wp","href":"https:\/\/api.w.org\/{rel}","templated":true}]}}