{"id":42396,"date":"2026-02-24T09:26:34","date_gmt":"2026-02-24T12:26:34","guid":{"rendered":"https:\/\/sofli.pt\/?page_id=42396"},"modified":"2026-03-09T21:51:52","modified_gmt":"2026-03-10T00:51:52","slug":"blog","status":"publish","type":"page","link":"https:\/\/sofli.pt\/pt_br\/blog\/","title":{"rendered":"Blog"},"content":{"rendered":"<div data-elementor-type=\"wp-page\" data-elementor-id=\"42396\" class=\"elementor elementor-42396\" data-elementor-post-type=\"page\">\n\t\t\t\t<div class=\"elementor-element elementor-element-3a8005f3 e-flex e-con-boxed cmsmasters-bg-hide-none cmsmasters-bg-hide-none cmsmasters-block-default e-con e-parent\" data-id=\"3a8005f3\" data-element_type=\"container\" data-settings=\"{&quot;background_background&quot;:&quot;classic&quot;}\">\n\t\t\t\t\t<div class=\"e-con-inner\">\n\t\t\t\t<div class=\"elementor-element elementor-element-51ccf843 cmsmasters-block-default cmsmasters-sticky-default elementor-widget elementor-widget-elementskit-heading\" data-id=\"51ccf843\" data-element_type=\"widget\" data-widget_type=\"elementskit-heading.default\">\n\t\t\t\t\t<div class=\"ekit-wid-con\" ><div class=\"ekit-heading elementskit-section-title-wraper text_left   ekit_heading_tablet-   ekit_heading_mobile-\"><h1 class=\"ekit-heading--title elementskit-section-title\">eventos que a <br>Sofli Participou<\/h1><\/div><\/div>\t\t\t\t<\/div>\n\t\t\t\t\t<\/div>\n\t\t\t\t<\/div>\n\t\t<div class=\"elementor-element elementor-element-fe0665e e-grid e-con-boxed cmsmasters-block-default e-con e-child\" data-id=\"fe0665e\" data-element_type=\"container\" data-settings=\"{&quot;background_background&quot;:&quot;classic&quot;}\">\n\t\t\t\t\t<div class=\"e-con-inner\">\n\t\t<div class=\"elementor-element elementor-element-2d8e2892 e-con-full e-flex cmsmasters-block-default e-con e-child\" data-id=\"2d8e2892\" data-element_type=\"container\">\n\t\t\t\t<div class=\"elementor-element elementor-element-15d1120e cmsmasters-block-default cmsmasters-sticky-default elementor-widget elementor-widget-image\" data-id=\"15d1120e\" data-element_type=\"widget\" data-widget_type=\"image.default\">\n\t\t\t\t\t\t\t\t\t\t\t\t\t\t\t\t<a href=\"#elementor-action%3Aaction%3Dpopup%3Aopen%26settings%3DeyJpZCI6IjQyNDgwIiwidG9nZ2xlIjpmYWxzZX0%3D\">\n\t\t\t\t\t\t\t<img fetchpriority=\"high\" decoding=\"async\" width=\"350\" height=\"278\" src=\"https:\/\/sofli.pt\/wp-content\/uploads\/2026\/02\/Novo-Projeto-4.png\" class=\"attachment-large size-large wp-image-42460\" alt=\"\" srcset=\"https:\/\/sofli.pt\/wp-content\/uploads\/2026\/02\/Novo-Projeto-4.png 350w, https:\/\/sofli.pt\/wp-content\/uploads\/2026\/02\/Novo-Projeto-4-300x238.png 300w, https:\/\/sofli.pt\/wp-content\/uploads\/2026\/02\/Novo-Projeto-4-15x12.png 15w\" sizes=\"(max-width: 350px) 100vw, 350px\" \/>\t\t\t\t\t\t\t\t<\/a>\n\t\t\t\t\t\t\t\t\t\t\t\t\t\t\t<\/div>\n\t\t\t\t<\/div>\n\t\t<div class=\"elementor-element elementor-element-6806604a e-con-full e-flex cmsmasters-block-default e-con e-child\" data-id=\"6806604a\" data-element_type=\"container\">\n\t\t\t\t<div class=\"elementor-element elementor-element-328cf2 cmsmasters-block-default cmsmasters-sticky-default elementor-widget elementor-widget-image\" data-id=\"328cf2\" data-element_type=\"widget\" data-widget_type=\"image.default\">\n\t\t\t\t\t\t\t\t\t\t\t\t\t\t\t\t<a href=\"#elementor-action%3Aaction%3Dpopup%3Aopen%26settings%3DeyJpZCI6IjQyNDg4IiwidG9nZ2xlIjpmYWxzZX0%3D\">\n\t\t\t\t\t\t\t<img decoding=\"async\" width=\"350\" height=\"278\" src=\"https:\/\/sofli.pt\/wp-content\/uploads\/2026\/02\/Novo-Projeto-3.png\" class=\"attachment-large size-large wp-image-42459\" alt=\"\" srcset=\"https:\/\/sofli.pt\/wp-content\/uploads\/2026\/02\/Novo-Projeto-3.png 350w, https:\/\/sofli.pt\/wp-content\/uploads\/2026\/02\/Novo-Projeto-3-300x238.png 300w, https:\/\/sofli.pt\/wp-content\/uploads\/2026\/02\/Novo-Projeto-3-15x12.png 15w\" sizes=\"(max-width: 350px) 100vw, 350px\" \/>\t\t\t\t\t\t\t\t<\/a>\n\t\t\t\t\t\t\t\t\t\t\t\t\t\t\t<\/div>\n\t\t\t\t<div class=\"elementor-element elementor-element-27bc8c4e elementor-align-right elementor-absolute cmsmasters-block-default cmsmasters-sticky-default elementor-widget elementor-widget-elementskit-button\" data-id=\"27bc8c4e\" data-element_type=\"widget\" data-settings=\"{&quot;_position&quot;:&quot;absolute&quot;}\" data-widget_type=\"elementskit-button.default\">\n\t\t\t\t\t<div class=\"ekit-wid-con\" >\t\t<div class=\"ekit-btn-wraper\">\n\t\t\t\t\t\t\t<a href=\"#\" class=\"elementskit-btn  whitespace--normal\" id=\"\">\n\t\t\t\t\tDecorex 2024\t\t\t\t<\/a>\n\t\t\t\t\t<\/div>\n        <\/div>\t\t\t\t<\/div>\n\t\t\t\t<\/div>\n\t\t<div class=\"elementor-element elementor-element-3e71cd80 e-con-full e-flex cmsmasters-block-default e-con e-child\" data-id=\"3e71cd80\" data-element_type=\"container\">\n\t\t\t\t<div class=\"elementor-element elementor-element-6bdb20b3 cmsmasters-block-default cmsmasters-sticky-default elementor-widget elementor-widget-image\" data-id=\"6bdb20b3\" data-element_type=\"widget\" data-widget_type=\"image.default\">\n\t\t\t\t\t\t\t\t\t\t\t\t\t\t\t\t<a href=\"#elementor-action%3Aaction%3Dpopup%3Aopen%26settings%3DeyJpZCI6IjQyNDk4IiwidG9nZ2xlIjpmYWxzZX0%3D\">\n\t\t\t\t\t\t\t<img decoding=\"async\" width=\"350\" height=\"278\" src=\"https:\/\/sofli.pt\/wp-content\/uploads\/2026\/02\/Novo-Projeto-2.png\" class=\"attachment-large size-large wp-image-42455\" alt=\"\" srcset=\"https:\/\/sofli.pt\/wp-content\/uploads\/2026\/02\/Novo-Projeto-2.png 350w, https:\/\/sofli.pt\/wp-content\/uploads\/2026\/02\/Novo-Projeto-2-300x238.png 300w, https:\/\/sofli.pt\/wp-content\/uploads\/2026\/02\/Novo-Projeto-2-15x12.png 15w\" sizes=\"(max-width: 350px) 100vw, 350px\" \/>\t\t\t\t\t\t\t\t<\/a>\n\t\t\t\t\t\t\t\t\t\t\t\t\t\t\t<\/div>\n\t\t\t\t<\/div>\n\t\t\t\t\t<\/div>\n\t\t\t\t<\/div>\n\t\t<div class=\"elementor-element elementor-element-945be6c e-grid e-con-boxed cmsmasters-block-default e-con e-child\" data-id=\"945be6c\" data-element_type=\"container\" data-settings=\"{&quot;background_background&quot;:&quot;classic&quot;}\">\n\t\t\t\t\t<div class=\"e-con-inner\">\n\t\t<div class=\"elementor-element elementor-element-ee8cb8f e-con-full e-flex cmsmasters-block-default e-con e-child\" data-id=\"ee8cb8f\" data-element_type=\"container\">\n\t\t\t\t<div class=\"elementor-element elementor-element-f3ca374 cmsmasters-block-default cmsmasters-sticky-default elementor-widget elementor-widget-image\" data-id=\"f3ca374\" data-element_type=\"widget\" data-widget_type=\"image.default\">\n\t\t\t\t\t\t\t\t\t\t\t\t\t\t\t\t<a href=\"#elementor-action%3Aaction%3Dpopup%3Aopen%26settings%3DeyJpZCI6IjQyNTE5IiwidG9nZ2xlIjpmYWxzZX0%3D\">\n\t\t\t\t\t\t\t<img loading=\"lazy\" decoding=\"async\" width=\"350\" height=\"278\" src=\"https:\/\/sofli.pt\/wp-content\/uploads\/2026\/02\/Novo-Projeto.png\" class=\"attachment-large size-large wp-image-42449\" alt=\"\" srcset=\"https:\/\/sofli.pt\/wp-content\/uploads\/2026\/02\/Novo-Projeto.png 350w, https:\/\/sofli.pt\/wp-content\/uploads\/2026\/02\/Novo-Projeto-300x238.png 300w, https:\/\/sofli.pt\/wp-content\/uploads\/2026\/02\/Novo-Projeto-15x12.png 15w\" sizes=\"(max-width: 350px) 100vw, 350px\" \/>\t\t\t\t\t\t\t\t<\/a>\n\t\t\t\t\t\t\t\t\t\t\t\t\t\t\t<\/div>\n\t\t\t\t<div class=\"elementor-element elementor-element-5097119 elementor-align-right elementor-absolute cmsmasters-block-default cmsmasters-sticky-default elementor-widget elementor-widget-elementskit-button\" data-id=\"5097119\" data-element_type=\"widget\" data-settings=\"{&quot;_position&quot;:&quot;absolute&quot;}\" data-widget_type=\"elementskit-button.default\">\n\t\t\t\t\t<div class=\"ekit-wid-con\" >\t\t<div class=\"ekit-btn-wraper\">\n\t\t\t\t\t\t\t<a href=\"#elementor-action%3Aaction%3Dpopup%3Aopen%26settings%3DeyJpZCI6IjQyNTE5IiwidG9nZ2xlIjpmYWxzZX0%3D\" class=\"elementskit-btn  whitespace--normal\" id=\"\">\n\t\t\t\t\tBD NY 2024\t\t\t\t<\/a>\n\t\t\t\t\t<\/div>\n        <\/div>\t\t\t\t<\/div>\n\t\t\t\t<div class=\"elementor-element elementor-element-b96eb82 elementor-align-right elementor-absolute cmsmasters-block-default cmsmasters-sticky-default elementor-widget elementor-widget-elementskit-button\" data-id=\"b96eb82\" data-element_type=\"widget\" data-settings=\"{&quot;_position&quot;:&quot;absolute&quot;}\" data-widget_type=\"elementskit-button.default\">\n\t\t\t\t\t<div class=\"ekit-wid-con\" >\t\t<div class=\"ekit-btn-wraper\">\n\t\t\t\t\t\t\t<a href=\"#elementor-action%3Aaction%3Dpopup%3Aopen%26settings%3DeyJpZCI6IjQyNDgwIiwidG9nZ2xlIjpmYWxzZX0%3D\" class=\"elementskit-btn  whitespace--normal\" id=\"\">\n\t\t\t\t\tSLDF em 2026\t\t\t\t<\/a>\n\t\t\t\t\t<\/div>\n        <\/div>\t\t\t\t<\/div>\n\t\t\t\t<div class=\"elementor-element elementor-element-e90c108 elementor-align-right elementor-absolute cmsmasters-block-default cmsmasters-sticky-default elementor-widget elementor-widget-elementskit-button\" data-id=\"e90c108\" data-element_type=\"widget\" data-settings=\"{&quot;_position&quot;:&quot;absolute&quot;}\" data-widget_type=\"elementskit-button.default\">\n\t\t\t\t\t<div class=\"ekit-wid-con\" >\t\t<div class=\"ekit-btn-wraper\">\n\t\t\t\t\t\t\t<a href=\"#elementor-action%3Aaction%3Dpopup%3Aopen%26settings%3DeyJpZCI6IjQyNDg4IiwidG9nZ2xlIjpmYWxzZX0%3D\" class=\"elementskit-btn  whitespace--normal\" id=\"\">\n\t\t\t\t\tExpo Osaka 2025\t\t\t\t<\/a>\n\t\t\t\t\t<\/div>\n        <\/div>\t\t\t\t<\/div>\n\t\t\t\t<div class=\"elementor-element elementor-element-72ebed2 elementor-align-right elementor-absolute cmsmasters-block-default cmsmasters-sticky-default elementor-widget elementor-widget-elementskit-button\" data-id=\"72ebed2\" data-element_type=\"widget\" data-settings=\"{&quot;_position&quot;:&quot;absolute&quot;}\" data-widget_type=\"elementskit-button.default\">\n\t\t\t\t\t<div class=\"ekit-wid-con\" >\t\t<div class=\"ekit-btn-wraper\">\n\t\t\t\t\t\t\t<a href=\"#elementor-action%3Aaction%3Dpopup%3Aopen%26settings%3DeyJpZCI6IjQyNDk4IiwidG9nZ2xlIjpmYWxzZX0%3D\" class=\"elementskit-btn  whitespace--normal\" id=\"\">\n\t\t\t\t\tBrera design week 2025\t\t\t\t<\/a>\n\t\t\t\t\t<\/div>\n        <\/div>\t\t\t\t<\/div>\n\t\t\t\t<\/div>\n\t\t<div class=\"elementor-element elementor-element-0bc1c56 e-con-full e-flex cmsmasters-block-default e-con e-child\" data-id=\"0bc1c56\" data-element_type=\"container\">\n\t\t\t\t<div class=\"elementor-element elementor-element-45dd1ad cmsmasters-block-default cmsmasters-sticky-default elementor-widget elementor-widget-image\" data-id=\"45dd1ad\" data-element_type=\"widget\" data-widget_type=\"image.default\">\n\t\t\t\t\t\t\t\t\t\t\t\t\t\t\t\t<a href=\"#elementor-action%3Aaction%3Dpopup%3Aopen%26settings%3DeyJpZCI6IjQyNTA4IiwidG9nZ2xlIjpmYWxzZX0%3D\">\n\t\t\t\t\t\t\t<img loading=\"lazy\" decoding=\"async\" width=\"350\" height=\"278\" src=\"https:\/\/sofli.pt\/wp-content\/uploads\/2026\/02\/Novo-Projeto-1.png\" class=\"attachment-large size-large wp-image-42451\" alt=\"\" srcset=\"https:\/\/sofli.pt\/wp-content\/uploads\/2026\/02\/Novo-Projeto-1.png 350w, https:\/\/sofli.pt\/wp-content\/uploads\/2026\/02\/Novo-Projeto-1-300x238.png 300w, https:\/\/sofli.pt\/wp-content\/uploads\/2026\/02\/Novo-Projeto-1-15x12.png 15w\" sizes=\"(max-width: 350px) 100vw, 350px\" \/>\t\t\t\t\t\t\t\t<\/a>\n\t\t\t\t\t\t\t\t\t\t\t\t\t\t\t<\/div>\n\t\t\t\t<div class=\"elementor-element elementor-element-4b3c10e elementor-align-right elementor-absolute cmsmasters-block-default cmsmasters-sticky-default elementor-widget elementor-widget-elementskit-button\" data-id=\"4b3c10e\" data-element_type=\"widget\" data-settings=\"{&quot;_position&quot;:&quot;absolute&quot;}\" data-widget_type=\"elementskit-button.default\">\n\t\t\t\t\t<div class=\"ekit-wid-con\" >\t\t<div class=\"ekit-btn-wraper\">\n\t\t\t\t\t\t\t<a href=\"#elementor-action%3Aaction%3Dpopup%3Aopen%26settings%3DeyJpZCI6IjQyNTA4IiwidG9nZ2xlIjpmYWxzZX0%3D\" class=\"elementskit-btn  whitespace--normal\" id=\"\">\n\t\t\t\t\tDecorex 2024\t\t\t\t<\/a>\n\t\t\t\t\t<\/div>\n        <\/div>\t\t\t\t<\/div>\n\t\t\t\t<\/div>\n\t\t<div class=\"elementor-element elementor-element-5ad08b7 e-con-full e-flex cmsmasters-block-default e-con e-child\" data-id=\"5ad08b7\" data-element_type=\"container\">\n\t\t\t\t<div class=\"elementor-element elementor-element-103d7b9 cmsmasters-block-default cmsmasters-sticky-default elementor-widget elementor-widget-image\" data-id=\"103d7b9\" data-element_type=\"widget\" data-widget_type=\"image.default\">\n\t\t\t\t\t\t\t\t\t\t\t\t\t\t\t<img loading=\"lazy\" decoding=\"async\" width=\"350\" height=\"278\" src=\"https:\/\/sofli.pt\/wp-content\/uploads\/2026\/02\/f79bf2e5-6eb1-4c16-9bd8-56613ad61a33-1.png\" class=\"attachment-large size-large wp-image-42559\" alt=\"\" srcset=\"https:\/\/sofli.pt\/wp-content\/uploads\/2026\/02\/f79bf2e5-6eb1-4c16-9bd8-56613ad61a33-1.png 350w, https:\/\/sofli.pt\/wp-content\/uploads\/2026\/02\/f79bf2e5-6eb1-4c16-9bd8-56613ad61a33-1-300x238.png 300w, https:\/\/sofli.pt\/wp-content\/uploads\/2026\/02\/f79bf2e5-6eb1-4c16-9bd8-56613ad61a33-1-15x12.png 15w\" sizes=\"(max-width: 350px) 100vw, 350px\" \/>\t\t\t\t\t\t\t\t\t\t\t\t\t\t\t<\/div>\n\t\t\t\t<\/div>\n\t\t\t\t\t<\/div>\n\t\t\t\t<\/div>\n\t\t<div class=\"elementor-element elementor-element-163dfa8d e-flex e-con-boxed cmsmasters-block-default e-con e-parent\" data-id=\"163dfa8d\" data-element_type=\"container\" data-settings=\"{&quot;background_background&quot;:&quot;classic&quot;}\">\n\t\t\t\t\t<div class=\"e-con-inner\">\n\t\t<div class=\"elementor-element elementor-element-5fa1bd65 e-con-full e-flex cmsmasters-block-default e-con e-child\" data-id=\"5fa1bd65\" data-element_type=\"container\">\n\t\t\t\t<div class=\"elementor-element elementor-element-4619dd0 cmsmasters-block-default cmsmasters-sticky-default elementor-widget elementor-widget-elementskit-heading\" data-id=\"4619dd0\" data-element_type=\"widget\" data-widget_type=\"elementskit-heading.default\">\n\t\t\t\t\t<div class=\"ekit-wid-con\" ><div class=\"ekit-heading elementskit-section-title-wraper text_left   ekit_heading_tablet-   ekit_heading_mobile-\"><h2 class=\"ekit-heading--title elementskit-section-title\">Cada ambiente conta uma hist\u00f3ria.<\/h2>\t\t\t\t<div class='ekit-heading__description'>\n\t\t\t\t\t<p>E a nossa come\u00e7a na escolha cuidadosa de cada textura, cada linha, cada detalhe.<\/p>\n<p>Acreditamos que mobili\u00e1rio n\u00e3o \u00e9 apenas funcional \u00e9 express\u00e3o. \u00c9 presen\u00e7a. \u00c9 a assinatura silenciosa de um espa\u00e7o bem pensado. Por isso, trabalhamos com pe\u00e7as que unem eleg\u00e2ncia atemporal, conforto absoluto e acabamento impec\u00e1vel.<\/p>\n\t\t\t\t<\/div>\n\t\t\t<\/div><\/div>\t\t\t\t<\/div>\n\t\t\t\t<\/div>\n\t\t<div class=\"elementor-element elementor-element-3834c8d4 e-con-full e-flex cmsmasters-block-default e-con e-child\" data-id=\"3834c8d4\" data-element_type=\"container\">\n\t\t\t\t<div class=\"elementor-element elementor-element-dcc544f cmsmasters-block-default cmsmasters-sticky-default elementor-widget elementor-widget-image\" data-id=\"dcc544f\" data-element_type=\"widget\" data-widget_type=\"image.default\">\n\t\t\t\t\t\t\t\t\t\t\t\t\t\t\t<img loading=\"lazy\" decoding=\"async\" width=\"1024\" height=\"683\" src=\"https:\/\/sofli.pt\/wp-content\/uploads\/2026\/02\/ChatGPT-Image-24-de-fev.-de-2026-10_11_42-1024x683.jpg\" class=\"attachment-large size-large wp-image-42421\" alt=\"\" srcset=\"https:\/\/sofli.pt\/wp-content\/uploads\/2026\/02\/ChatGPT-Image-24-de-fev.-de-2026-10_11_42-1024x683.jpg 1024w, https:\/\/sofli.pt\/wp-content\/uploads\/2026\/02\/ChatGPT-Image-24-de-fev.-de-2026-10_11_42-300x200.jpg 300w, https:\/\/sofli.pt\/wp-content\/uploads\/2026\/02\/ChatGPT-Image-24-de-fev.-de-2026-10_11_42-768x512.jpg 768w, https:\/\/sofli.pt\/wp-content\/uploads\/2026\/02\/ChatGPT-Image-24-de-fev.-de-2026-10_11_42-18x12.jpg 18w, https:\/\/sofli.pt\/wp-content\/uploads\/2026\/02\/ChatGPT-Image-24-de-fev.-de-2026-10_11_42-450x300.jpg 450w, https:\/\/sofli.pt\/wp-content\/uploads\/2026\/02\/ChatGPT-Image-24-de-fev.-de-2026-10_11_42-600x400.jpg 600w, https:\/\/sofli.pt\/wp-content\/uploads\/2026\/02\/ChatGPT-Image-24-de-fev.-de-2026-10_11_42.jpg 1536w\" sizes=\"(max-width: 1024px) 100vw, 1024px\" \/>\t\t\t\t\t\t\t\t\t\t\t\t\t\t\t<\/div>\n\t\t\t\t<\/div>\n\t\t\t\t\t<\/div>\n\t\t\t\t<\/div>\n\t\t\t\t<\/div>","protected":false},"excerpt":{"rendered":"<p>eventos que a Sofli Participou Decorex 2024 BD NY 2024 SLDF em 2026 Expo Osaka 2025 Brera design week 2025 Decorex 2024 Cada ambiente conta uma hist\u00f3ria. E a nossa come\u00e7a na escolha cuidadosa de cada textura, cada linha, cada detalhe. Acreditamos que mobili\u00e1rio n\u00e3o \u00e9 apenas funcional \u00e9 express\u00e3o. \u00c9 presen\u00e7a. \u00c9 a assinatura&#8230;<\/p>","protected":false},"author":1,"featured_media":0,"parent":0,"menu_order":0,"comment_status":"closed","ping_status":"closed","template":"","meta":{"_acf_changed":false,"_joinchat":[],"footnotes":""},"class_list":["post-42396","page","type-page","status-publish","hentry"],"acf":[],"_links":{"self":[{"href":"https:\/\/sofli.pt\/pt_br\/wp-json\/wp\/v2\/pages\/42396","targetHints":{"allow":["GET"]}}],"collection":[{"href":"https:\/\/sofli.pt\/pt_br\/wp-json\/wp\/v2\/pages"}],"about":[{"href":"https:\/\/sofli.pt\/pt_br\/wp-json\/wp\/v2\/types\/page"}],"author":[{"embeddable":true,"href":"https:\/\/sofli.pt\/pt_br\/wp-json\/wp\/v2\/users\/1"}],"replies":[{"embeddable":true,"href":"https:\/\/sofli.pt\/pt_br\/wp-json\/wp\/v2\/comments?post=42396"}],"version-history":[{"count":152,"href":"https:\/\/sofli.pt\/pt_br\/wp-json\/wp\/v2\/pages\/42396\/revisions"}],"predecessor-version":[{"id":42638,"href":"https:\/\/sofli.pt\/pt_br\/wp-json\/wp\/v2\/pages\/42396\/revisions\/42638"}],"wp:attachment":[{"href":"https:\/\/sofli.pt\/pt_br\/wp-json\/wp\/v2\/media?parent=42396"}],"curies":[{"name":"wp","href":"https:\/\/api.w.org\/{rel}","templated":true}]}}