{"id":40842,"date":"2026-02-13T14:49:54","date_gmt":"2026-02-13T17:49:54","guid":{"rendered":"https:\/\/sofli.pt\/?post_type=product&#038;p=40842"},"modified":"2026-02-22T18:01:59","modified_gmt":"2026-02-22T21:01:59","slug":"cama-chicago","status":"publish","type":"product","link":"https:\/\/sofli.pt\/pt_br\/product\/cama-chicago\/","title":{"rendered":"Cama Chicago"},"content":{"rendered":"<p>A Cama Chicago combina design moderno e conforto, sendo perfeita para criar um quarto elegante e acolhedor.<br \/>\nCom uma estrutura s\u00f3lida e linhas sofisticadas, oferece suporte seguro e uma experi\u00eancia de descanso agrad\u00e1vel. Os acabamentos cuidadosos acrescentam estilo e durabilidade ao dia a dia. Imagens meramente ilustrativas, podendo existir pequenas varia\u00e7\u00f5es no produto final, incluindo acabamento e cor.<\/p>","protected":false},"excerpt":{"rendered":"<p>A Cama Chicago combina design moderno e conforto, sendo perfeita para criar um quarto elegante e acolhedor.<br \/>\nCom uma estrutura s\u00f3lida e linhas sofisticadas, oferece suporte seguro e uma experi\u00eancia de descanso agrad\u00e1vel. Os acabamentos cuidadosos acrescentam estilo e durabilidade ao dia a dia. Imagens meramente ilustrativas, podendo existir pequenas varia\u00e7\u00f5es no produto final, incluindo acabamento e cor.<\/p>","protected":false},"featured_media":40993,"comment_status":"open","ping_status":"closed","template":"","meta":{"_acf_changed":false,"_joinchat":[]},"product_brand":[],"product_cat":[89],"product_tag":[79,82],"class_list":{"0":"post-40842","1":"product","2":"type-product","3":"status-publish","4":"has-post-thumbnail","6":"product_cat-camas","7":"product_tag-cama","8":"product_tag-quarto","10":"first","11":"instock","12":"shipping-taxable","13":"product-type-simple"},"acf":[],"_links":{"self":[{"href":"https:\/\/sofli.pt\/pt_br\/wp-json\/wp\/v2\/product\/40842","targetHints":{"allow":["GET"]}}],"collection":[{"href":"https:\/\/sofli.pt\/pt_br\/wp-json\/wp\/v2\/product"}],"about":[{"href":"https:\/\/sofli.pt\/pt_br\/wp-json\/wp\/v2\/types\/product"}],"replies":[{"embeddable":true,"href":"https:\/\/sofli.pt\/pt_br\/wp-json\/wp\/v2\/comments?post=40842"}],"version-history":[{"count":2,"href":"https:\/\/sofli.pt\/pt_br\/wp-json\/wp\/v2\/product\/40842\/revisions"}],"predecessor-version":[{"id":41454,"href":"https:\/\/sofli.pt\/pt_br\/wp-json\/wp\/v2\/product\/40842\/revisions\/41454"}],"wp:featuredmedia":[{"embeddable":true,"href":"https:\/\/sofli.pt\/pt_br\/wp-json\/wp\/v2\/media\/40993"}],"wp:attachment":[{"href":"https:\/\/sofli.pt\/pt_br\/wp-json\/wp\/v2\/media?parent=40842"}],"wp:term":[{"taxonomy":"product_brand","embeddable":true,"href":"https:\/\/sofli.pt\/pt_br\/wp-json\/wp\/v2\/product_brand?post=40842"},{"taxonomy":"product_cat","embeddable":true,"href":"https:\/\/sofli.pt\/pt_br\/wp-json\/wp\/v2\/product_cat?post=40842"},{"taxonomy":"product_tag","embeddable":true,"href":"https:\/\/sofli.pt\/pt_br\/wp-json\/wp\/v2\/product_tag?post=40842"}],"curies":[{"name":"wp","href":"https:\/\/api.w.org\/{rel}","templated":true}]}}