{"id":40860,"date":"2026-02-13T15:09:07","date_gmt":"2026-02-13T18:09:07","guid":{"rendered":"https:\/\/sofli.pt\/?post_type=product&#038;p=40860"},"modified":"2026-02-22T17:34:33","modified_gmt":"2026-02-22T20:34:33","slug":"pouf-sintra","status":"publish","type":"product","link":"https:\/\/sofli.pt\/pt_br\/product\/pouf-sintra\/","title":{"rendered":"Pouf Sintra"},"content":{"rendered":"<p>Com um design simples e sofisticado, o Pouf Sintra destaca-se pela sua versatilidade e capacidade de se adaptar a diferentes estilos de decora\u00e7\u00e3o. Gra\u00e7as \u00e0 variedade de acabamentos dispon\u00edveis, esta pe\u00e7a minimalista \u00e9 perfeita para qualquer divis\u00e3o da casa, como quarto, sala de estar, hall de entrada ou escrit\u00f3rio. Imagens em 3D meramente ilustrativas, podendo existir pequenas varia\u00e7\u00f5es no produto final, incluindo acabamento e cor do tecido.<\/p>","protected":false},"excerpt":{"rendered":"<p>Com um design simples e sofisticado, o Pouf Sintra destaca-se pela sua versatilidade e capacidade de se adaptar a diferentes estilos de decora\u00e7\u00e3o. Gra\u00e7as \u00e0 variedade de acabamentos dispon\u00edveis, esta pe\u00e7a minimalista \u00e9 perfeita para qualquer divis\u00e3o da casa, como quarto, sala de estar, hall de entrada ou escrit\u00f3rio. Imagens em 3D meramente ilustrativas, podendo existir pequenas varia\u00e7\u00f5es no produto final, incluindo acabamento e cor do tecido.<\/p>","protected":false},"featured_media":41002,"comment_status":"open","ping_status":"closed","template":"","meta":{"_acf_changed":false,"_joinchat":[]},"product_brand":[],"product_cat":[88],"product_tag":[83,84],"class_list":{"0":"post-40860","1":"product","2":"type-product","3":"status-publish","4":"has-post-thumbnail","6":"product_cat-poufs","7":"product_tag-pouf","8":"product_tag-sala-de-estar","10":"first","11":"instock","12":"shipping-taxable","13":"product-type-simple"},"acf":[],"_links":{"self":[{"href":"https:\/\/sofli.pt\/pt_br\/wp-json\/wp\/v2\/product\/40860","targetHints":{"allow":["GET"]}}],"collection":[{"href":"https:\/\/sofli.pt\/pt_br\/wp-json\/wp\/v2\/product"}],"about":[{"href":"https:\/\/sofli.pt\/pt_br\/wp-json\/wp\/v2\/types\/product"}],"replies":[{"embeddable":true,"href":"https:\/\/sofli.pt\/pt_br\/wp-json\/wp\/v2\/comments?post=40860"}],"version-history":[{"count":3,"href":"https:\/\/sofli.pt\/pt_br\/wp-json\/wp\/v2\/product\/40860\/revisions"}],"predecessor-version":[{"id":41451,"href":"https:\/\/sofli.pt\/pt_br\/wp-json\/wp\/v2\/product\/40860\/revisions\/41451"}],"wp:featuredmedia":[{"embeddable":true,"href":"https:\/\/sofli.pt\/pt_br\/wp-json\/wp\/v2\/media\/41002"}],"wp:attachment":[{"href":"https:\/\/sofli.pt\/pt_br\/wp-json\/wp\/v2\/media?parent=40860"}],"wp:term":[{"taxonomy":"product_brand","embeddable":true,"href":"https:\/\/sofli.pt\/pt_br\/wp-json\/wp\/v2\/product_brand?post=40860"},{"taxonomy":"product_cat","embeddable":true,"href":"https:\/\/sofli.pt\/pt_br\/wp-json\/wp\/v2\/product_cat?post=40860"},{"taxonomy":"product_tag","embeddable":true,"href":"https:\/\/sofli.pt\/pt_br\/wp-json\/wp\/v2\/product_tag?post=40860"}],"curies":[{"name":"wp","href":"https:\/\/api.w.org\/{rel}","templated":true}]}}