{"id":40867,"date":"2026-02-13T15:14:43","date_gmt":"2026-02-13T18:14:43","guid":{"rendered":"https:\/\/sofli.pt\/?post_type=product&#038;p=40867"},"modified":"2026-02-23T15:58:18","modified_gmt":"2026-02-23T18:58:18","slug":"cadeira-lavanda-01","status":"publish","type":"product","link":"https:\/\/sofli.pt\/pt_br\/product\/cadeira-lavanda-01\/","title":{"rendered":"Cadeira Lavanda 01"},"content":{"rendered":"<p>Inspirada pela suavidade e charme das flores, a Cadeira Lavanda 01 combina conforto e eleg\u00e2ncia num design contempor\u00e2neo. As suas linhas delicadas e a estrutura harmoniosa proporcionam um assento acolhedor, perfeito para relaxar com estilo. O estofado de alta qualidade oferece um toque macio e agrad\u00e1vel, tornando a cadeira ideal para momentos de descontra\u00e7\u00e3o e sofistica\u00e7\u00e3o. Imagens meramente ilustrativas, podendo existir pequenas varia\u00e7\u00f5es no produto final, incluindo acabamento e cor do tecido.<\/p>","protected":false},"excerpt":{"rendered":"<p>Inspirada pela suavidade e charme das flores, a Cadeira Lavanda 01 combina conforto e eleg\u00e2ncia num design contempor\u00e2neo. As suas linhas delicadas e a estrutura harmoniosa proporcionam um assento acolhedor, perfeito para relaxar com estilo. O estofado de alta qualidade oferece um toque macio e agrad\u00e1vel, tornando a cadeira ideal para momentos de descontra\u00e7\u00e3o e sofistica\u00e7\u00e3o. Imagens meramente ilustrativas, podendo existir pequenas varia\u00e7\u00f5es no produto final, incluindo acabamento e cor do tecido.<\/p>","protected":false},"featured_media":42234,"comment_status":"open","ping_status":"closed","template":"","meta":{"_acf_changed":false,"_joinchat":[]},"product_brand":[],"product_cat":[87],"product_tag":[85,86],"class_list":{"0":"post-40867","1":"product","2":"type-product","3":"status-publish","4":"has-post-thumbnail","6":"product_cat-cadeiras","7":"product_tag-cadeira","8":"product_tag-sala-de-jantar","10":"first","11":"instock","12":"shipping-taxable","13":"product-type-simple"},"acf":[],"_links":{"self":[{"href":"https:\/\/sofli.pt\/pt_br\/wp-json\/wp\/v2\/product\/40867","targetHints":{"allow":["GET"]}}],"collection":[{"href":"https:\/\/sofli.pt\/pt_br\/wp-json\/wp\/v2\/product"}],"about":[{"href":"https:\/\/sofli.pt\/pt_br\/wp-json\/wp\/v2\/types\/product"}],"replies":[{"embeddable":true,"href":"https:\/\/sofli.pt\/pt_br\/wp-json\/wp\/v2\/comments?post=40867"}],"version-history":[{"count":3,"href":"https:\/\/sofli.pt\/pt_br\/wp-json\/wp\/v2\/product\/40867\/revisions"}],"predecessor-version":[{"id":42079,"href":"https:\/\/sofli.pt\/pt_br\/wp-json\/wp\/v2\/product\/40867\/revisions\/42079"}],"wp:featuredmedia":[{"embeddable":true,"href":"https:\/\/sofli.pt\/pt_br\/wp-json\/wp\/v2\/media\/42234"}],"wp:attachment":[{"href":"https:\/\/sofli.pt\/pt_br\/wp-json\/wp\/v2\/media?parent=40867"}],"wp:term":[{"taxonomy":"product_brand","embeddable":true,"href":"https:\/\/sofli.pt\/pt_br\/wp-json\/wp\/v2\/product_brand?post=40867"},{"taxonomy":"product_cat","embeddable":true,"href":"https:\/\/sofli.pt\/pt_br\/wp-json\/wp\/v2\/product_cat?post=40867"},{"taxonomy":"product_tag","embeddable":true,"href":"https:\/\/sofli.pt\/pt_br\/wp-json\/wp\/v2\/product_tag?post=40867"}],"curies":[{"name":"wp","href":"https:\/\/api.w.org\/{rel}","templated":true}]}}