{"id":40870,"date":"2026-02-13T15:16:50","date_gmt":"2026-02-13T18:16:50","guid":{"rendered":"https:\/\/sofli.pt\/?post_type=product&#038;p=40870"},"modified":"2026-02-23T16:02:34","modified_gmt":"2026-02-23T19:02:34","slug":"cadeira-lavanda-02","status":"publish","type":"product","link":"https:\/\/sofli.pt\/pt_br\/product\/cadeira-lavanda-02\/","title":{"rendered":"Cadeira Lavanda 02"},"content":{"rendered":"<p>Inspirada pela delicadeza das flores, a Cadeira Lavanda 02 oferece um assento confort\u00e1vel e elegante, que convida ao descanso e ao bem-estar. A sua estrutura de linhas suaves e design contempor\u00e2neo combina est\u00e9tica e funcionalidade, proporcionando um toque sofisticado a qualquer ambiente. O estofado de qualidade superior garante conforto e um toque acolhedor, tornando a cadeira ideal para momentos de descontra\u00e7\u00e3o com estilo. Imagens meramente ilustrativas, podendo existir pequenas varia\u00e7\u00f5es no produto final, incluindo acabamento e cor do tecido.<\/p>","protected":false},"excerpt":{"rendered":"<p>Inspirada pela delicadeza das flores, a Cadeira Lavanda 02 oferece um assento confort\u00e1vel e elegante, que convida ao descanso e ao bem-estar. A sua estrutura de linhas suaves e design contempor\u00e2neo combina est\u00e9tica e funcionalidade, proporcionando um toque sofisticado a qualquer ambiente. O estofado de qualidade superior garante conforto e um toque acolhedor, tornando a cadeira ideal para momentos de descontra\u00e7\u00e3o com estilo. Imagens meramente ilustrativas, podendo existir pequenas varia\u00e7\u00f5es no produto final, incluindo acabamento e cor do tecido.<\/p>","protected":false},"featured_media":42235,"comment_status":"open","ping_status":"closed","template":"","meta":{"_acf_changed":false,"_joinchat":[]},"product_brand":[],"product_cat":[87],"product_tag":[85,86],"class_list":{"0":"post-40870","1":"product","2":"type-product","3":"status-publish","4":"has-post-thumbnail","6":"product_cat-cadeiras","7":"product_tag-cadeira","8":"product_tag-sala-de-jantar","10":"first","11":"instock","12":"shipping-taxable","13":"product-type-simple"},"acf":[],"_links":{"self":[{"href":"https:\/\/sofli.pt\/pt_br\/wp-json\/wp\/v2\/product\/40870","targetHints":{"allow":["GET"]}}],"collection":[{"href":"https:\/\/sofli.pt\/pt_br\/wp-json\/wp\/v2\/product"}],"about":[{"href":"https:\/\/sofli.pt\/pt_br\/wp-json\/wp\/v2\/types\/product"}],"replies":[{"embeddable":true,"href":"https:\/\/sofli.pt\/pt_br\/wp-json\/wp\/v2\/comments?post=40870"}],"version-history":[{"count":2,"href":"https:\/\/sofli.pt\/pt_br\/wp-json\/wp\/v2\/product\/40870\/revisions"}],"predecessor-version":[{"id":41448,"href":"https:\/\/sofli.pt\/pt_br\/wp-json\/wp\/v2\/product\/40870\/revisions\/41448"}],"wp:featuredmedia":[{"embeddable":true,"href":"https:\/\/sofli.pt\/pt_br\/wp-json\/wp\/v2\/media\/42235"}],"wp:attachment":[{"href":"https:\/\/sofli.pt\/pt_br\/wp-json\/wp\/v2\/media?parent=40870"}],"wp:term":[{"taxonomy":"product_brand","embeddable":true,"href":"https:\/\/sofli.pt\/pt_br\/wp-json\/wp\/v2\/product_brand?post=40870"},{"taxonomy":"product_cat","embeddable":true,"href":"https:\/\/sofli.pt\/pt_br\/wp-json\/wp\/v2\/product_cat?post=40870"},{"taxonomy":"product_tag","embeddable":true,"href":"https:\/\/sofli.pt\/pt_br\/wp-json\/wp\/v2\/product_tag?post=40870"}],"curies":[{"name":"wp","href":"https:\/\/api.w.org\/{rel}","templated":true}]}}