{"id":40873,"date":"2026-02-13T15:19:02","date_gmt":"2026-02-13T18:19:02","guid":{"rendered":"https:\/\/sofli.pt\/?post_type=product&#038;p=40873"},"modified":"2026-02-23T09:09:11","modified_gmt":"2026-02-23T12:09:11","slug":"cadeira-nenufar","status":"publish","type":"product","link":"https:\/\/sofli.pt\/pt_br\/product\/cadeira-nenufar\/","title":{"rendered":"Cadeira Nen\u00fafar"},"content":{"rendered":"<p>Inspirada na harmonia natural da natureza, a Cadeira Nen\u00fafar proporciona um assento envolvente, aliando suavidade e eleg\u00e2ncia.<br \/>\nA sua estrutura de linhas curvas e fluidas reflete um design contempor\u00e2neo que combina conforto e est\u00e9tica de forma equilibrada.<br \/>\nO estofado em veludo de alta qualidade oferece um toque macio e acolhedor, tornando a cadeira perfeita para momentos de relaxamento com requinte. Imagens em 3D meramente ilustrativas, podendo existir pequenas varia\u00e7\u00f5es no produto final, nomeadamente no acabamento e na cor do tecido.<\/p>","protected":false},"excerpt":{"rendered":"<p>Inspirada na harmonia natural da natureza, a Cadeira Nen\u00fafar proporciona um assento envolvente, aliando suavidade e eleg\u00e2ncia.<br \/>\nA sua estrutura de linhas curvas e fluidas reflete um design contempor\u00e2neo que combina conforto e est\u00e9tica de forma equilibrada.<br \/>\nO estofado em veludo de alta qualidade oferece um toque macio e acolhedor, tornando a cadeira perfeita para momentos de relaxamento com requinte. Imagens em 3D meramente ilustrativas, podendo existir pequenas varia\u00e7\u00f5es no produto final, nomeadamente no acabamento e na cor do tecido.<\/p>","protected":false},"featured_media":42069,"comment_status":"open","ping_status":"closed","template":"","meta":{"_acf_changed":false,"_joinchat":[]},"product_brand":[],"product_cat":[87],"product_tag":[85,86],"class_list":{"0":"post-40873","1":"product","2":"type-product","3":"status-publish","4":"has-post-thumbnail","6":"product_cat-cadeiras","7":"product_tag-cadeira","8":"product_tag-sala-de-jantar","10":"first","11":"instock","12":"shipping-taxable","13":"product-type-simple"},"acf":[],"_links":{"self":[{"href":"https:\/\/sofli.pt\/pt_br\/wp-json\/wp\/v2\/product\/40873","targetHints":{"allow":["GET"]}}],"collection":[{"href":"https:\/\/sofli.pt\/pt_br\/wp-json\/wp\/v2\/product"}],"about":[{"href":"https:\/\/sofli.pt\/pt_br\/wp-json\/wp\/v2\/types\/product"}],"replies":[{"embeddable":true,"href":"https:\/\/sofli.pt\/pt_br\/wp-json\/wp\/v2\/comments?post=40873"}],"version-history":[{"count":3,"href":"https:\/\/sofli.pt\/pt_br\/wp-json\/wp\/v2\/product\/40873\/revisions"}],"predecessor-version":[{"id":41447,"href":"https:\/\/sofli.pt\/pt_br\/wp-json\/wp\/v2\/product\/40873\/revisions\/41447"}],"wp:featuredmedia":[{"embeddable":true,"href":"https:\/\/sofli.pt\/pt_br\/wp-json\/wp\/v2\/media\/42069"}],"wp:attachment":[{"href":"https:\/\/sofli.pt\/pt_br\/wp-json\/wp\/v2\/media?parent=40873"}],"wp:term":[{"taxonomy":"product_brand","embeddable":true,"href":"https:\/\/sofli.pt\/pt_br\/wp-json\/wp\/v2\/product_brand?post=40873"},{"taxonomy":"product_cat","embeddable":true,"href":"https:\/\/sofli.pt\/pt_br\/wp-json\/wp\/v2\/product_cat?post=40873"},{"taxonomy":"product_tag","embeddable":true,"href":"https:\/\/sofli.pt\/pt_br\/wp-json\/wp\/v2\/product_tag?post=40873"}],"curies":[{"name":"wp","href":"https:\/\/api.w.org\/{rel}","templated":true}]}}