{"id":41012,"date":"2026-02-16T14:56:50","date_gmt":"2026-02-16T17:56:50","guid":{"rendered":"https:\/\/sofli.pt\/?post_type=product&#038;p=41012"},"modified":"2026-02-22T17:33:41","modified_gmt":"2026-02-22T20:33:41","slug":"sofa-astana","status":"publish","type":"product","link":"https:\/\/sofli.pt\/pt_br\/product\/sofa-astana\/","title":{"rendered":"Sof\u00e1 Astana"},"content":{"rendered":"<p>O Sof\u00e1 Astana alia design contempor\u00e2neo e conforto, sendo perfeito para criar uma sala de estar elegante e acolhedora. Com assentos generosos e linhas suaves, oferece um espa\u00e7o ideal para relaxar com estilo. A sua estrutura resistente e os acabamentos de qualidade garantem durabilidade e requinte no uso di\u00e1rio. Imagens meramente ilustrativas, podendo existir pequenas varia\u00e7\u00f5es no produto final, incluindo cor e acabamento do tecido.<\/p>","protected":false},"excerpt":{"rendered":"<p>O Sof\u00e1 Astana alia design contempor\u00e2neo e conforto, sendo perfeito para criar uma sala de estar elegante e acolhedora. Com assentos generosos e linhas suaves, oferece um espa\u00e7o ideal para relaxar com estilo. A sua estrutura resistente e os acabamentos de qualidade garantem durabilidade e requinte no uso di\u00e1rio. Imagens meramente ilustrativas, podendo existir pequenas varia\u00e7\u00f5es no produto final, incluindo cor e acabamento do tecido.<\/p>","protected":false},"featured_media":41013,"comment_status":"open","ping_status":"closed","template":"","meta":{"_acf_changed":false,"_joinchat":[]},"product_brand":[],"product_cat":[91],"product_tag":[82,92],"class_list":{"0":"post-41012","1":"product","2":"type-product","3":"status-publish","4":"has-post-thumbnail","6":"product_cat-sofas","7":"product_tag-quarto","8":"product_tag-sofa","10":"first","11":"instock","12":"shipping-taxable","13":"product-type-simple"},"acf":[],"_links":{"self":[{"href":"https:\/\/sofli.pt\/pt_br\/wp-json\/wp\/v2\/product\/41012","targetHints":{"allow":["GET"]}}],"collection":[{"href":"https:\/\/sofli.pt\/pt_br\/wp-json\/wp\/v2\/product"}],"about":[{"href":"https:\/\/sofli.pt\/pt_br\/wp-json\/wp\/v2\/types\/product"}],"replies":[{"embeddable":true,"href":"https:\/\/sofli.pt\/pt_br\/wp-json\/wp\/v2\/comments?post=41012"}],"version-history":[{"count":2,"href":"https:\/\/sofli.pt\/pt_br\/wp-json\/wp\/v2\/product\/41012\/revisions"}],"predecessor-version":[{"id":41445,"href":"https:\/\/sofli.pt\/pt_br\/wp-json\/wp\/v2\/product\/41012\/revisions\/41445"}],"wp:featuredmedia":[{"embeddable":true,"href":"https:\/\/sofli.pt\/pt_br\/wp-json\/wp\/v2\/media\/41013"}],"wp:attachment":[{"href":"https:\/\/sofli.pt\/pt_br\/wp-json\/wp\/v2\/media?parent=41012"}],"wp:term":[{"taxonomy":"product_brand","embeddable":true,"href":"https:\/\/sofli.pt\/pt_br\/wp-json\/wp\/v2\/product_brand?post=41012"},{"taxonomy":"product_cat","embeddable":true,"href":"https:\/\/sofli.pt\/pt_br\/wp-json\/wp\/v2\/product_cat?post=41012"},{"taxonomy":"product_tag","embeddable":true,"href":"https:\/\/sofli.pt\/pt_br\/wp-json\/wp\/v2\/product_tag?post=41012"}],"curies":[{"name":"wp","href":"https:\/\/api.w.org\/{rel}","templated":true}]}}