{"id":41016,"date":"2026-02-16T15:01:43","date_gmt":"2026-02-16T18:01:43","guid":{"rendered":"https:\/\/sofli.pt\/?post_type=product&#038;p=41016"},"modified":"2026-03-02T17:38:27","modified_gmt":"2026-03-02T20:38:27","slug":"sofa-bruxelas","status":"publish","type":"product","link":"https:\/\/sofli.pt\/pt_br\/product\/sofa-bruxelas\/","title":{"rendered":"Sof\u00e1 Bruxelas"},"content":{"rendered":"<p>O Sof\u00e1 Bruxelas combina estilo moderno e conforto superior, sendo uma pe\u00e7a ideal para valorizar qualquer sala de estar. Com assentos espa\u00e7osos e linhas harmoniosas, proporciona um espa\u00e7o acolhedor e elegante para relaxar. A sua estrutura robusta e os acabamentos cuidados garantem durabilidade e sofistica\u00e7\u00e3o no dia a dia. Imagens meramente ilustrativas, podendo existir pequenas varia\u00e7\u00f5es no produto final, incluindo cor e acabamento do tecido.<\/p>","protected":false},"excerpt":{"rendered":"<p>O Sof\u00e1 Bruxelas combina estilo moderno e conforto superior, sendo uma pe\u00e7a ideal para valorizar qualquer sala de estar. Com assentos espa\u00e7osos e linhas harmoniosas, proporciona um espa\u00e7o acolhedor e elegante para relaxar. A sua estrutura robusta e os acabamentos cuidados garantem durabilidade e sofistica\u00e7\u00e3o no dia a dia. Imagens meramente ilustrativas, podendo existir pequenas varia\u00e7\u00f5es no produto final, incluindo cor e acabamento do tecido.<\/p>","protected":false},"featured_media":41019,"comment_status":"open","ping_status":"closed","template":"","meta":{"_acf_changed":false,"_joinchat":[]},"product_brand":[],"product_cat":[91],"product_tag":[82,92],"class_list":{"0":"post-41016","1":"product","2":"type-product","3":"status-publish","4":"has-post-thumbnail","6":"product_cat-sofas","7":"product_tag-quarto","8":"product_tag-sofa","10":"first","11":"instock","12":"shipping-taxable","13":"product-type-simple"},"acf":[],"_links":{"self":[{"href":"https:\/\/sofli.pt\/pt_br\/wp-json\/wp\/v2\/product\/41016","targetHints":{"allow":["GET"]}}],"collection":[{"href":"https:\/\/sofli.pt\/pt_br\/wp-json\/wp\/v2\/product"}],"about":[{"href":"https:\/\/sofli.pt\/pt_br\/wp-json\/wp\/v2\/types\/product"}],"replies":[{"embeddable":true,"href":"https:\/\/sofli.pt\/pt_br\/wp-json\/wp\/v2\/comments?post=41016"}],"version-history":[{"count":2,"href":"https:\/\/sofli.pt\/pt_br\/wp-json\/wp\/v2\/product\/41016\/revisions"}],"predecessor-version":[{"id":41444,"href":"https:\/\/sofli.pt\/pt_br\/wp-json\/wp\/v2\/product\/41016\/revisions\/41444"}],"wp:featuredmedia":[{"embeddable":true,"href":"https:\/\/sofli.pt\/pt_br\/wp-json\/wp\/v2\/media\/41019"}],"wp:attachment":[{"href":"https:\/\/sofli.pt\/pt_br\/wp-json\/wp\/v2\/media?parent=41016"}],"wp:term":[{"taxonomy":"product_brand","embeddable":true,"href":"https:\/\/sofli.pt\/pt_br\/wp-json\/wp\/v2\/product_brand?post=41016"},{"taxonomy":"product_cat","embeddable":true,"href":"https:\/\/sofli.pt\/pt_br\/wp-json\/wp\/v2\/product_cat?post=41016"},{"taxonomy":"product_tag","embeddable":true,"href":"https:\/\/sofli.pt\/pt_br\/wp-json\/wp\/v2\/product_tag?post=41016"}],"curies":[{"name":"wp","href":"https:\/\/api.w.org\/{rel}","templated":true}]}}