{"id":41026,"date":"2026-02-16T15:15:23","date_gmt":"2026-02-16T18:15:23","guid":{"rendered":"https:\/\/sofli.pt\/?post_type=product&#038;p=41026"},"modified":"2026-02-22T17:28:17","modified_gmt":"2026-02-22T20:28:17","slug":"sofa-helsinquia","status":"publish","type":"product","link":"https:\/\/sofli.pt\/pt_br\/product\/sofa-helsinquia\/","title":{"rendered":"Sof\u00e1 Hels\u00ednquia"},"content":{"rendered":"<p>O Sof\u00e1 Hels\u00ednquia combina eleg\u00e2ncia e conforto, tornando-se uma pe\u00e7a central em qualquer sala de estar. Com assentos generosos e design envolvente, proporciona momentos de descanso com m\u00e1ximo acolhimento. A sua estrutura s\u00f3lida e os acabamentos cuidados garantem durabilidade e um toque de sofistica\u00e7\u00e3o no dia a dia. Imagens meramente ilustrativas, podendo existir pequenas varia\u00e7\u00f5es no produto final, incluindo cor e acabamento do tecido.<\/p>","protected":false},"excerpt":{"rendered":"<p>O Sof\u00e1 Hels\u00ednquia combina eleg\u00e2ncia e conforto, tornando-se uma pe\u00e7a central em qualquer sala de estar. Com assentos generosos e design envolvente, proporciona momentos de descanso com m\u00e1ximo acolhimento. A sua estrutura s\u00f3lida e os acabamentos cuidados garantem durabilidade e um toque de sofistica\u00e7\u00e3o no dia a dia. Imagens meramente ilustrativas, podendo existir pequenas varia\u00e7\u00f5es no produto final, incluindo cor e acabamento do tecido.<\/p>","protected":false},"featured_media":41029,"comment_status":"open","ping_status":"closed","template":"","meta":{"_acf_changed":false,"_joinchat":[]},"product_brand":[],"product_cat":[91],"product_tag":[82,92],"class_list":{"0":"post-41026","1":"product","2":"type-product","3":"status-publish","4":"has-post-thumbnail","6":"product_cat-sofas","7":"product_tag-quarto","8":"product_tag-sofa","10":"first","11":"instock","12":"shipping-taxable","13":"product-type-simple"},"acf":[],"_links":{"self":[{"href":"https:\/\/sofli.pt\/pt_br\/wp-json\/wp\/v2\/product\/41026","targetHints":{"allow":["GET"]}}],"collection":[{"href":"https:\/\/sofli.pt\/pt_br\/wp-json\/wp\/v2\/product"}],"about":[{"href":"https:\/\/sofli.pt\/pt_br\/wp-json\/wp\/v2\/types\/product"}],"replies":[{"embeddable":true,"href":"https:\/\/sofli.pt\/pt_br\/wp-json\/wp\/v2\/comments?post=41026"}],"version-history":[{"count":2,"href":"https:\/\/sofli.pt\/pt_br\/wp-json\/wp\/v2\/product\/41026\/revisions"}],"predecessor-version":[{"id":41442,"href":"https:\/\/sofli.pt\/pt_br\/wp-json\/wp\/v2\/product\/41026\/revisions\/41442"}],"wp:featuredmedia":[{"embeddable":true,"href":"https:\/\/sofli.pt\/pt_br\/wp-json\/wp\/v2\/media\/41029"}],"wp:attachment":[{"href":"https:\/\/sofli.pt\/pt_br\/wp-json\/wp\/v2\/media?parent=41026"}],"wp:term":[{"taxonomy":"product_brand","embeddable":true,"href":"https:\/\/sofli.pt\/pt_br\/wp-json\/wp\/v2\/product_brand?post=41026"},{"taxonomy":"product_cat","embeddable":true,"href":"https:\/\/sofli.pt\/pt_br\/wp-json\/wp\/v2\/product_cat?post=41026"},{"taxonomy":"product_tag","embeddable":true,"href":"https:\/\/sofli.pt\/pt_br\/wp-json\/wp\/v2\/product_tag?post=41026"}],"curies":[{"name":"wp","href":"https:\/\/api.w.org\/{rel}","templated":true}]}}