{"id":41031,"date":"2026-02-16T15:21:25","date_gmt":"2026-02-16T18:21:25","guid":{"rendered":"https:\/\/sofli.pt\/?post_type=product&#038;p=41031"},"modified":"2026-02-22T17:27:34","modified_gmt":"2026-02-22T20:27:34","slug":"sofa-kabul","status":"publish","type":"product","link":"https:\/\/sofli.pt\/pt_br\/product\/sofa-kabul\/","title":{"rendered":"Sof\u00e1 Kabul"},"content":{"rendered":"<p>O Sof\u00e1 Kabul combina design contempor\u00e2neo e conforto, sendo ideal para criar uma sala de estar acolhedora e sofisticada. Com assentos amplos e linhas elegantes, proporciona momentos de descanso com estilo. A sua estrutura robusta e os acabamentos cuidados garantem durabilidade e requinte no uso di\u00e1rio. Imagens meramente ilustrativas, podendo existir pequenas varia\u00e7\u00f5es no produto final, incluindo cor e acabamento do tecido.<\/p>","protected":false},"excerpt":{"rendered":"<p>O Sof\u00e1 Kabul combina design contempor\u00e2neo e conforto, sendo ideal para criar uma sala de estar acolhedora e sofisticada. Com assentos amplos e linhas elegantes, proporciona momentos de descanso com estilo. A sua estrutura robusta e os acabamentos cuidados garantem durabilidade e requinte no uso di\u00e1rio. Imagens meramente ilustrativas, podendo existir pequenas varia\u00e7\u00f5es no produto final, incluindo cor e acabamento do tecido.<\/p>","protected":false},"featured_media":41032,"comment_status":"open","ping_status":"closed","template":"","meta":{"_acf_changed":false,"_joinchat":[]},"product_brand":[],"product_cat":[91],"product_tag":[82,92],"class_list":{"0":"post-41031","1":"product","2":"type-product","3":"status-publish","4":"has-post-thumbnail","6":"product_cat-sofas","7":"product_tag-quarto","8":"product_tag-sofa","10":"first","11":"instock","12":"shipping-taxable","13":"product-type-simple"},"acf":[],"_links":{"self":[{"href":"https:\/\/sofli.pt\/pt_br\/wp-json\/wp\/v2\/product\/41031","targetHints":{"allow":["GET"]}}],"collection":[{"href":"https:\/\/sofli.pt\/pt_br\/wp-json\/wp\/v2\/product"}],"about":[{"href":"https:\/\/sofli.pt\/pt_br\/wp-json\/wp\/v2\/types\/product"}],"replies":[{"embeddable":true,"href":"https:\/\/sofli.pt\/pt_br\/wp-json\/wp\/v2\/comments?post=41031"}],"version-history":[{"count":2,"href":"https:\/\/sofli.pt\/pt_br\/wp-json\/wp\/v2\/product\/41031\/revisions"}],"predecessor-version":[{"id":41441,"href":"https:\/\/sofli.pt\/pt_br\/wp-json\/wp\/v2\/product\/41031\/revisions\/41441"}],"wp:featuredmedia":[{"embeddable":true,"href":"https:\/\/sofli.pt\/pt_br\/wp-json\/wp\/v2\/media\/41032"}],"wp:attachment":[{"href":"https:\/\/sofli.pt\/pt_br\/wp-json\/wp\/v2\/media?parent=41031"}],"wp:term":[{"taxonomy":"product_brand","embeddable":true,"href":"https:\/\/sofli.pt\/pt_br\/wp-json\/wp\/v2\/product_brand?post=41031"},{"taxonomy":"product_cat","embeddable":true,"href":"https:\/\/sofli.pt\/pt_br\/wp-json\/wp\/v2\/product_cat?post=41031"},{"taxonomy":"product_tag","embeddable":true,"href":"https:\/\/sofli.pt\/pt_br\/wp-json\/wp\/v2\/product_tag?post=41031"}],"curies":[{"name":"wp","href":"https:\/\/api.w.org\/{rel}","templated":true}]}}