{"id":41041,"date":"2026-02-16T15:31:20","date_gmt":"2026-02-16T18:31:20","guid":{"rendered":"https:\/\/sofli.pt\/?post_type=product&#038;p=41041"},"modified":"2026-02-22T17:25:05","modified_gmt":"2026-02-22T20:25:05","slug":"sofa-oslo","status":"publish","type":"product","link":"https:\/\/sofli.pt\/pt_br\/product\/sofa-oslo\/","title":{"rendered":"Sof\u00e1 Oslo"},"content":{"rendered":"<p>O Sof\u00e1 Oslo combina conforto e design contempor\u00e2neo, ideal para criar uma sala de estar elegante e acolhedora. Com assentos amplos e linhas suaves, proporciona momentos de relaxamento com m\u00e1ximo conforto. A sua estrutura resistente e os acabamentos de qualidade garantem durabilidade e estilo no dia a dia. Imagens meramente ilustrativas, podendo existir pequenas varia\u00e7\u00f5es no produto final, incluindo cor e acabamento do tecido.<\/p>","protected":false},"excerpt":{"rendered":"<p>O Sof\u00e1 Oslo combina conforto e design contempor\u00e2neo, ideal para criar uma sala de estar elegante e acolhedora. Com assentos amplos e linhas suaves, proporciona momentos de relaxamento com m\u00e1ximo conforto. A sua estrutura resistente e os acabamentos de qualidade garantem durabilidade e estilo no dia a dia. Imagens meramente ilustrativas, podendo existir pequenas varia\u00e7\u00f5es no produto final, incluindo cor e acabamento do tecido.<\/p>","protected":false},"featured_media":41044,"comment_status":"open","ping_status":"closed","template":"","meta":{"_acf_changed":false,"_joinchat":[]},"product_brand":[],"product_cat":[91],"product_tag":[82,92],"class_list":{"0":"post-41041","1":"product","2":"type-product","3":"status-publish","4":"has-post-thumbnail","6":"product_cat-sofas","7":"product_tag-quarto","8":"product_tag-sofa","10":"first","11":"instock","12":"shipping-taxable","13":"product-type-simple"},"acf":[],"_links":{"self":[{"href":"https:\/\/sofli.pt\/pt_br\/wp-json\/wp\/v2\/product\/41041","targetHints":{"allow":["GET"]}}],"collection":[{"href":"https:\/\/sofli.pt\/pt_br\/wp-json\/wp\/v2\/product"}],"about":[{"href":"https:\/\/sofli.pt\/pt_br\/wp-json\/wp\/v2\/types\/product"}],"replies":[{"embeddable":true,"href":"https:\/\/sofli.pt\/pt_br\/wp-json\/wp\/v2\/comments?post=41041"}],"version-history":[{"count":2,"href":"https:\/\/sofli.pt\/pt_br\/wp-json\/wp\/v2\/product\/41041\/revisions"}],"predecessor-version":[{"id":41439,"href":"https:\/\/sofli.pt\/pt_br\/wp-json\/wp\/v2\/product\/41041\/revisions\/41439"}],"wp:featuredmedia":[{"embeddable":true,"href":"https:\/\/sofli.pt\/pt_br\/wp-json\/wp\/v2\/media\/41044"}],"wp:attachment":[{"href":"https:\/\/sofli.pt\/pt_br\/wp-json\/wp\/v2\/media?parent=41041"}],"wp:term":[{"taxonomy":"product_brand","embeddable":true,"href":"https:\/\/sofli.pt\/pt_br\/wp-json\/wp\/v2\/product_brand?post=41041"},{"taxonomy":"product_cat","embeddable":true,"href":"https:\/\/sofli.pt\/pt_br\/wp-json\/wp\/v2\/product_cat?post=41041"},{"taxonomy":"product_tag","embeddable":true,"href":"https:\/\/sofli.pt\/pt_br\/wp-json\/wp\/v2\/product_tag?post=41041"}],"curies":[{"name":"wp","href":"https:\/\/api.w.org\/{rel}","templated":true}]}}