{"id":41059,"date":"2026-02-16T15:50:17","date_gmt":"2026-02-16T18:50:17","guid":{"rendered":"https:\/\/sofli.pt\/?post_type=product&#038;p=41059"},"modified":"2026-02-23T15:18:30","modified_gmt":"2026-02-23T18:18:30","slug":"cama-dallas","status":"publish","type":"product","link":"https:\/\/sofli.pt\/pt_br\/product\/cama-dallas\/","title":{"rendered":"Cama Dallas"},"content":{"rendered":"<p>A Cama Dallas alia conforto, durabilidade e design contempor\u00e2neo, tornando-se a escolha perfeita para quartos modernos. Com uma estrutura s\u00f3lida e linhas elegantes, proporciona um suporte seguro e um descanso confort\u00e1vel. O cuidado nos acabamentos confere um toque de sofistica\u00e7\u00e3o, destacando-se como pe\u00e7a central do seu espa\u00e7o. Imagens meramente ilustrativas, podendo existir pequenas varia\u00e7\u00f5es no produto final, nomeadamente ao n\u00edvel da cor e do acabamento.<\/p>","protected":false},"excerpt":{"rendered":"<p>A Cama Dallas alia conforto, durabilidade e design contempor\u00e2neo, tornando-se a escolha perfeita para quartos modernos. Com uma estrutura s\u00f3lida e linhas elegantes, proporciona um suporte seguro e um descanso confort\u00e1vel. O cuidado nos acabamentos confere um toque de sofistica\u00e7\u00e3o, destacando-se como pe\u00e7a central do seu espa\u00e7o. Imagens meramente ilustrativas, podendo existir pequenas varia\u00e7\u00f5es no produto final, nomeadamente ao n\u00edvel da cor e do acabamento.<\/p>","protected":false},"featured_media":41061,"comment_status":"open","ping_status":"closed","template":"","meta":{"_acf_changed":false,"_joinchat":[]},"product_brand":[],"product_cat":[89],"product_tag":[79,82],"class_list":{"0":"post-41059","1":"product","2":"type-product","3":"status-publish","4":"has-post-thumbnail","6":"product_cat-camas","7":"product_tag-cama","8":"product_tag-quarto","10":"first","11":"instock","12":"shipping-taxable","13":"product-type-simple"},"acf":[],"_links":{"self":[{"href":"https:\/\/sofli.pt\/pt_br\/wp-json\/wp\/v2\/product\/41059","targetHints":{"allow":["GET"]}}],"collection":[{"href":"https:\/\/sofli.pt\/pt_br\/wp-json\/wp\/v2\/product"}],"about":[{"href":"https:\/\/sofli.pt\/pt_br\/wp-json\/wp\/v2\/types\/product"}],"replies":[{"embeddable":true,"href":"https:\/\/sofli.pt\/pt_br\/wp-json\/wp\/v2\/comments?post=41059"}],"version-history":[{"count":2,"href":"https:\/\/sofli.pt\/pt_br\/wp-json\/wp\/v2\/product\/41059\/revisions"}],"predecessor-version":[{"id":41436,"href":"https:\/\/sofli.pt\/pt_br\/wp-json\/wp\/v2\/product\/41059\/revisions\/41436"}],"wp:featuredmedia":[{"embeddable":true,"href":"https:\/\/sofli.pt\/pt_br\/wp-json\/wp\/v2\/media\/41061"}],"wp:attachment":[{"href":"https:\/\/sofli.pt\/pt_br\/wp-json\/wp\/v2\/media?parent=41059"}],"wp:term":[{"taxonomy":"product_brand","embeddable":true,"href":"https:\/\/sofli.pt\/pt_br\/wp-json\/wp\/v2\/product_brand?post=41059"},{"taxonomy":"product_cat","embeddable":true,"href":"https:\/\/sofli.pt\/pt_br\/wp-json\/wp\/v2\/product_cat?post=41059"},{"taxonomy":"product_tag","embeddable":true,"href":"https:\/\/sofli.pt\/pt_br\/wp-json\/wp\/v2\/product_tag?post=41059"}],"curies":[{"name":"wp","href":"https:\/\/api.w.org\/{rel}","templated":true}]}}