{"id":41063,"date":"2026-02-16T15:55:16","date_gmt":"2026-02-16T18:55:16","guid":{"rendered":"https:\/\/sofli.pt\/?post_type=product&#038;p=41063"},"modified":"2026-02-22T17:26:07","modified_gmt":"2026-02-22T20:26:07","slug":"cama-houston","status":"publish","type":"product","link":"https:\/\/sofli.pt\/pt_br\/product\/cama-houston\/","title":{"rendered":"Cama Houston"},"content":{"rendered":"<p>A Cama Houston combina design moderno e funcionalidade, proporcionando conforto e estilo ao quarto. Com linhas elegantes e estrutura robusta, oferece um suporte seguro e duradouro para um sono tranquilo. O seu acabamento cuidado e detalhes contempor\u00e2neos tornam-na uma pe\u00e7a central de destaque em qualquer ambiente. Imagens meramente ilustrativas, podendo existir pequenas varia\u00e7\u00f5es no produto final, nomeadamente ao n\u00edvel da cor e do acabamento.<\/p>","protected":false},"excerpt":{"rendered":"<p>A Cama Houston combina design moderno e funcionalidade, proporcionando conforto e estilo ao quarto. Com linhas elegantes e estrutura robusta, oferece um suporte seguro e duradouro para um sono tranquilo. O seu acabamento cuidado e detalhes contempor\u00e2neos tornam-na uma pe\u00e7a central de destaque em qualquer ambiente. Imagens meramente ilustrativas, podendo existir pequenas varia\u00e7\u00f5es no produto final, nomeadamente ao n\u00edvel da cor e do acabamento.<\/p>","protected":false},"featured_media":41065,"comment_status":"open","ping_status":"closed","template":"","meta":{"_acf_changed":false,"_joinchat":[]},"product_brand":[],"product_cat":[89],"product_tag":[79,82],"class_list":{"0":"post-41063","1":"product","2":"type-product","3":"status-publish","4":"has-post-thumbnail","6":"product_cat-camas","7":"product_tag-cama","8":"product_tag-quarto","10":"first","11":"instock","12":"shipping-taxable","13":"product-type-simple"},"acf":[],"_links":{"self":[{"href":"https:\/\/sofli.pt\/pt_br\/wp-json\/wp\/v2\/product\/41063","targetHints":{"allow":["GET"]}}],"collection":[{"href":"https:\/\/sofli.pt\/pt_br\/wp-json\/wp\/v2\/product"}],"about":[{"href":"https:\/\/sofli.pt\/pt_br\/wp-json\/wp\/v2\/types\/product"}],"replies":[{"embeddable":true,"href":"https:\/\/sofli.pt\/pt_br\/wp-json\/wp\/v2\/comments?post=41063"}],"version-history":[{"count":3,"href":"https:\/\/sofli.pt\/pt_br\/wp-json\/wp\/v2\/product\/41063\/revisions"}],"predecessor-version":[{"id":41435,"href":"https:\/\/sofli.pt\/pt_br\/wp-json\/wp\/v2\/product\/41063\/revisions\/41435"}],"wp:featuredmedia":[{"embeddable":true,"href":"https:\/\/sofli.pt\/pt_br\/wp-json\/wp\/v2\/media\/41065"}],"wp:attachment":[{"href":"https:\/\/sofli.pt\/pt_br\/wp-json\/wp\/v2\/media?parent=41063"}],"wp:term":[{"taxonomy":"product_brand","embeddable":true,"href":"https:\/\/sofli.pt\/pt_br\/wp-json\/wp\/v2\/product_brand?post=41063"},{"taxonomy":"product_cat","embeddable":true,"href":"https:\/\/sofli.pt\/pt_br\/wp-json\/wp\/v2\/product_cat?post=41063"},{"taxonomy":"product_tag","embeddable":true,"href":"https:\/\/sofli.pt\/pt_br\/wp-json\/wp\/v2\/product_tag?post=41063"}],"curies":[{"name":"wp","href":"https:\/\/api.w.org\/{rel}","templated":true}]}}