{"id":41085,"date":"2026-02-16T16:20:05","date_gmt":"2026-02-16T19:20:05","guid":{"rendered":"https:\/\/sofli.pt\/?post_type=product&#038;p=41085"},"modified":"2026-02-22T17:50:43","modified_gmt":"2026-02-22T20:50:43","slug":"poltrona-jaspe","status":"publish","type":"product","link":"https:\/\/sofli.pt\/pt_br\/product\/poltrona-jaspe\/","title":{"rendered":"Poltrona Jaspe"},"content":{"rendered":"<p>Se procura uma poltrona que combine estilo e conforto, a Poltrona J\u00e1spe \u00e9 a escolha perfeita. Com linhas contempor\u00e2neas e formas envolventes, oferece uma experi\u00eancia de assento acolhedora, adaptando-se a diferentes estilos de decora\u00e7\u00e3o. A sua estrutura s\u00f3lida e os acabamentos cuidados garantem durabilidade e eleg\u00e2ncia no dia a dia.\u00a0Imagens 3D meramente ilustrativas, podendo ocorrer pequenas varia\u00e7\u00f5es no produto final, incluindo o acabamento e a cor do tecido.<\/p>","protected":false},"excerpt":{"rendered":"<p>Se procura uma poltrona que combine estilo e conforto, a Poltrona J\u00e1spe \u00e9 a escolha perfeita. Com linhas contempor\u00e2neas e formas envolventes, oferece uma experi\u00eancia de assento acolhedora, adaptando-se a diferentes estilos de decora\u00e7\u00e3o. A sua estrutura s\u00f3lida e os acabamentos cuidados garantem durabilidade e eleg\u00e2ncia no dia a dia.\u00a0Imagens 3D meramente ilustrativas, podendo ocorrer pequenas varia\u00e7\u00f5es no produto final, incluindo o acabamento e a cor do tecido.<\/p>","protected":false},"featured_media":41087,"comment_status":"open","ping_status":"closed","template":"","meta":{"_acf_changed":false,"_joinchat":[]},"product_brand":[],"product_cat":[93],"product_tag":[94,84],"class_list":{"0":"post-41085","1":"product","2":"type-product","3":"status-publish","4":"has-post-thumbnail","6":"product_cat-poltronas","7":"product_tag-poltrona","8":"product_tag-sala-de-estar","10":"first","11":"instock","12":"shipping-taxable","13":"product-type-simple"},"acf":[],"_links":{"self":[{"href":"https:\/\/sofli.pt\/pt_br\/wp-json\/wp\/v2\/product\/41085","targetHints":{"allow":["GET"]}}],"collection":[{"href":"https:\/\/sofli.pt\/pt_br\/wp-json\/wp\/v2\/product"}],"about":[{"href":"https:\/\/sofli.pt\/pt_br\/wp-json\/wp\/v2\/types\/product"}],"replies":[{"embeddable":true,"href":"https:\/\/sofli.pt\/pt_br\/wp-json\/wp\/v2\/comments?post=41085"}],"version-history":[{"count":4,"href":"https:\/\/sofli.pt\/pt_br\/wp-json\/wp\/v2\/product\/41085\/revisions"}],"predecessor-version":[{"id":41427,"href":"https:\/\/sofli.pt\/pt_br\/wp-json\/wp\/v2\/product\/41085\/revisions\/41427"}],"wp:featuredmedia":[{"embeddable":true,"href":"https:\/\/sofli.pt\/pt_br\/wp-json\/wp\/v2\/media\/41087"}],"wp:attachment":[{"href":"https:\/\/sofli.pt\/pt_br\/wp-json\/wp\/v2\/media?parent=41085"}],"wp:term":[{"taxonomy":"product_brand","embeddable":true,"href":"https:\/\/sofli.pt\/pt_br\/wp-json\/wp\/v2\/product_brand?post=41085"},{"taxonomy":"product_cat","embeddable":true,"href":"https:\/\/sofli.pt\/pt_br\/wp-json\/wp\/v2\/product_cat?post=41085"},{"taxonomy":"product_tag","embeddable":true,"href":"https:\/\/sofli.pt\/pt_br\/wp-json\/wp\/v2\/product_tag?post=41085"}],"curies":[{"name":"wp","href":"https:\/\/api.w.org\/{rel}","templated":true}]}}