{"id":41090,"date":"2026-02-16T16:22:44","date_gmt":"2026-02-16T19:22:44","guid":{"rendered":"https:\/\/sofli.pt\/?post_type=product&#038;p=41090"},"modified":"2026-02-22T17:50:15","modified_gmt":"2026-02-22T20:50:15","slug":"poltrona-perola","status":"publish","type":"product","link":"https:\/\/sofli.pt\/pt_br\/product\/poltrona-perola\/","title":{"rendered":"Poltrona Perola"},"content":{"rendered":"<p data-start=\"0\" data-end=\"337\">Se procura uma poltrona que combine delicadeza e conforto, a Poltrona P\u00e9rola \u00e9 a op\u00e7\u00e3o ideal. Com um design elegante e linhas suaves, integra-se facilmente em ambientes modernos ou cl\u00e1ssicos, conferindo um toque de requinte ao espa\u00e7o. A sua estrutura resistente e o assento confort\u00e1vel asseguram bem-estar e durabilidade no uso di\u00e1rio. Imagens 3D meramente ilustrativas, podendo existir ligeiras varia\u00e7\u00f5es no produto final, nomeadamente ao n\u00edvel do acabamento e da cor do tecido.<\/p>","protected":false},"excerpt":{"rendered":"<p>Se procura uma poltrona que combine delicadeza e conforto, a Poltrona P\u00e9rola \u00e9 a op\u00e7\u00e3o ideal. Com um design elegante e linhas suaves, integra-se facilmente em ambientes modernos ou cl\u00e1ssicos, conferindo um toque de requinte ao espa\u00e7o. A sua estrutura resistente e o assento confort\u00e1vel asseguram bem-estar e durabilidade no uso di\u00e1rio. Imagens 3D meramente ilustrativas, podendo existir ligeiras varia\u00e7\u00f5es no produto final, nomeadamente ao n\u00edvel do acabamento e da cor do tecido.<\/p>","protected":false},"featured_media":41092,"comment_status":"open","ping_status":"closed","template":"","meta":{"_acf_changed":false,"_joinchat":[]},"product_brand":[],"product_cat":[93],"product_tag":[94,84],"class_list":{"0":"post-41090","1":"product","2":"type-product","3":"status-publish","4":"has-post-thumbnail","6":"product_cat-poltronas","7":"product_tag-poltrona","8":"product_tag-sala-de-estar","10":"first","11":"instock","12":"shipping-taxable","13":"product-type-simple"},"acf":[],"_links":{"self":[{"href":"https:\/\/sofli.pt\/pt_br\/wp-json\/wp\/v2\/product\/41090","targetHints":{"allow":["GET"]}}],"collection":[{"href":"https:\/\/sofli.pt\/pt_br\/wp-json\/wp\/v2\/product"}],"about":[{"href":"https:\/\/sofli.pt\/pt_br\/wp-json\/wp\/v2\/types\/product"}],"replies":[{"embeddable":true,"href":"https:\/\/sofli.pt\/pt_br\/wp-json\/wp\/v2\/comments?post=41090"}],"version-history":[{"count":3,"href":"https:\/\/sofli.pt\/pt_br\/wp-json\/wp\/v2\/product\/41090\/revisions"}],"predecessor-version":[{"id":41425,"href":"https:\/\/sofli.pt\/pt_br\/wp-json\/wp\/v2\/product\/41090\/revisions\/41425"}],"wp:featuredmedia":[{"embeddable":true,"href":"https:\/\/sofli.pt\/pt_br\/wp-json\/wp\/v2\/media\/41092"}],"wp:attachment":[{"href":"https:\/\/sofli.pt\/pt_br\/wp-json\/wp\/v2\/media?parent=41090"}],"wp:term":[{"taxonomy":"product_brand","embeddable":true,"href":"https:\/\/sofli.pt\/pt_br\/wp-json\/wp\/v2\/product_brand?post=41090"},{"taxonomy":"product_cat","embeddable":true,"href":"https:\/\/sofli.pt\/pt_br\/wp-json\/wp\/v2\/product_cat?post=41090"},{"taxonomy":"product_tag","embeddable":true,"href":"https:\/\/sofli.pt\/pt_br\/wp-json\/wp\/v2\/product_tag?post=41090"}],"curies":[{"name":"wp","href":"https:\/\/api.w.org\/{rel}","templated":true}]}}