{"id":41094,"date":"2026-02-16T16:26:21","date_gmt":"2026-02-16T19:26:21","guid":{"rendered":"https:\/\/sofli.pt\/?post_type=product&#038;p=41094"},"modified":"2026-02-22T17:37:57","modified_gmt":"2026-02-22T20:37:57","slug":"poltrona-brera","status":"publish","type":"product","link":"https:\/\/sofli.pt\/pt_br\/product\/poltrona-brera\/","title":{"rendered":"Poltrona Brera"},"content":{"rendered":"<p data-start=\"0\" data-end=\"360\">Se procura uma poltrona que una conforto e sofistica\u00e7\u00e3o, a Poltrona Brera \u00e9 a escolha ideal. Com um design contempor\u00e2neo e linhas envolventes, proporciona uma experi\u00eancia de conforto superior, adaptando-se harmoniosamente a diferentes estilos de decora\u00e7\u00e3o. A sua estrutura robusta e os acabamentos de qualidade garantem durabilidade e eleg\u00e2ncia no dia a dia. Imagens 3D meramente ilustrativas, podendo existir ligeiras varia\u00e7\u00f5es no produto final, nomeadamente ao n\u00edvel do acabamento e da cor do tecido.<\/p>","protected":false},"excerpt":{"rendered":"<p>Se procura uma poltrona que una conforto e sofistica\u00e7\u00e3o, a Poltrona Brera \u00e9 a escolha ideal. Com um design contempor\u00e2neo e linhas envolventes, proporciona uma experi\u00eancia de conforto superior, adaptando-se harmoniosamente a diferentes estilos de decora\u00e7\u00e3o. A sua estrutura robusta e os acabamentos de qualidade garantem durabilidade e eleg\u00e2ncia no dia a dia. Imagens 3D meramente ilustrativas, podendo existir ligeiras varia\u00e7\u00f5es no produto final, nomeadamente ao n\u00edvel do acabamento e da cor do tecido.<\/p>","protected":false},"featured_media":41400,"comment_status":"open","ping_status":"closed","template":"","meta":{"_acf_changed":false,"_joinchat":[]},"product_brand":[],"product_cat":[93],"product_tag":[94,84],"class_list":{"0":"post-41094","1":"product","2":"type-product","3":"status-publish","4":"has-post-thumbnail","6":"product_cat-poltronas","7":"product_tag-poltrona","8":"product_tag-sala-de-estar","10":"first","11":"instock","12":"shipping-taxable","13":"product-type-simple"},"acf":[],"_links":{"self":[{"href":"https:\/\/sofli.pt\/pt_br\/wp-json\/wp\/v2\/product\/41094","targetHints":{"allow":["GET"]}}],"collection":[{"href":"https:\/\/sofli.pt\/pt_br\/wp-json\/wp\/v2\/product"}],"about":[{"href":"https:\/\/sofli.pt\/pt_br\/wp-json\/wp\/v2\/types\/product"}],"replies":[{"embeddable":true,"href":"https:\/\/sofli.pt\/pt_br\/wp-json\/wp\/v2\/comments?post=41094"}],"version-history":[{"count":3,"href":"https:\/\/sofli.pt\/pt_br\/wp-json\/wp\/v2\/product\/41094\/revisions"}],"predecessor-version":[{"id":41423,"href":"https:\/\/sofli.pt\/pt_br\/wp-json\/wp\/v2\/product\/41094\/revisions\/41423"}],"wp:featuredmedia":[{"embeddable":true,"href":"https:\/\/sofli.pt\/pt_br\/wp-json\/wp\/v2\/media\/41400"}],"wp:attachment":[{"href":"https:\/\/sofli.pt\/pt_br\/wp-json\/wp\/v2\/media?parent=41094"}],"wp:term":[{"taxonomy":"product_brand","embeddable":true,"href":"https:\/\/sofli.pt\/pt_br\/wp-json\/wp\/v2\/product_brand?post=41094"},{"taxonomy":"product_cat","embeddable":true,"href":"https:\/\/sofli.pt\/pt_br\/wp-json\/wp\/v2\/product_cat?post=41094"},{"taxonomy":"product_tag","embeddable":true,"href":"https:\/\/sofli.pt\/pt_br\/wp-json\/wp\/v2\/product_tag?post=41094"}],"curies":[{"name":"wp","href":"https:\/\/api.w.org\/{rel}","templated":true}]}}