{"id":41099,"date":"2026-02-16T16:30:07","date_gmt":"2026-02-16T19:30:07","guid":{"rendered":"https:\/\/sofli.pt\/?post_type=product&#038;p=41099"},"modified":"2026-02-24T18:34:27","modified_gmt":"2026-02-24T21:34:27","slug":"poltrona-quartzo","status":"publish","type":"product","link":"https:\/\/sofli.pt\/pt_br\/product\/poltrona-quartzo\/","title":{"rendered":"Poltrona Quartzo"},"content":{"rendered":"<p>Se procura uma poltrona que conjugue conforto e eleg\u00e2ncia, a Poltrona Quartzo \u00e9 a op\u00e7\u00e3o perfeita. Com linhas suaves e propor\u00e7\u00f5es generosas que convidam ao descanso, proporciona uma sensa\u00e7\u00e3o imediata de aconchego, aliando impacto visual a um conforto excecional. A base girat\u00f3ria (opcional) acrescenta um movimento discreto que real\u00e7a ainda mais o seu design. Almofada n\u00e3o inclu\u00edda. Imagens 3D meramente ilustrativas, podendo existir ligeiras varia\u00e7\u00f5es no produto final, nomeadamente ao n\u00edvel do acabamento e da cor do tecido.<\/p>","protected":false},"excerpt":{"rendered":"<p>Se procura uma poltrona que conjugue conforto e eleg\u00e2ncia, a Poltrona Quartzo \u00e9 a op\u00e7\u00e3o perfeita. Com linhas suaves e propor\u00e7\u00f5es generosas que convidam ao descanso, proporciona uma sensa\u00e7\u00e3o imediata de aconchego, aliando impacto visual a um conforto excecional. A base girat\u00f3ria (opcional) acrescenta um movimento discreto que real\u00e7a ainda mais o seu design. Almofada n\u00e3o inclu\u00edda. Imagens 3D meramente ilustrativas, podendo existir ligeiras varia\u00e7\u00f5es no produto final, nomeadamente ao n\u00edvel do acabamento e da cor do tecido.<\/p>","protected":false},"featured_media":41101,"comment_status":"open","ping_status":"closed","template":"","meta":{"_acf_changed":false,"_joinchat":[]},"product_brand":[],"product_cat":[93],"product_tag":[94,84],"class_list":{"0":"post-41099","1":"product","2":"type-product","3":"status-publish","4":"has-post-thumbnail","6":"product_cat-poltronas","7":"product_tag-poltrona","8":"product_tag-sala-de-estar","10":"first","11":"instock","12":"shipping-taxable","13":"product-type-simple"},"acf":[],"_links":{"self":[{"href":"https:\/\/sofli.pt\/pt_br\/wp-json\/wp\/v2\/product\/41099","targetHints":{"allow":["GET"]}}],"collection":[{"href":"https:\/\/sofli.pt\/pt_br\/wp-json\/wp\/v2\/product"}],"about":[{"href":"https:\/\/sofli.pt\/pt_br\/wp-json\/wp\/v2\/types\/product"}],"replies":[{"embeddable":true,"href":"https:\/\/sofli.pt\/pt_br\/wp-json\/wp\/v2\/comments?post=41099"}],"version-history":[{"count":4,"href":"https:\/\/sofli.pt\/pt_br\/wp-json\/wp\/v2\/product\/41099\/revisions"}],"predecessor-version":[{"id":41421,"href":"https:\/\/sofli.pt\/pt_br\/wp-json\/wp\/v2\/product\/41099\/revisions\/41421"}],"wp:featuredmedia":[{"embeddable":true,"href":"https:\/\/sofli.pt\/pt_br\/wp-json\/wp\/v2\/media\/41101"}],"wp:attachment":[{"href":"https:\/\/sofli.pt\/pt_br\/wp-json\/wp\/v2\/media?parent=41099"}],"wp:term":[{"taxonomy":"product_brand","embeddable":true,"href":"https:\/\/sofli.pt\/pt_br\/wp-json\/wp\/v2\/product_brand?post=41099"},{"taxonomy":"product_cat","embeddable":true,"href":"https:\/\/sofli.pt\/pt_br\/wp-json\/wp\/v2\/product_cat?post=41099"},{"taxonomy":"product_tag","embeddable":true,"href":"https:\/\/sofli.pt\/pt_br\/wp-json\/wp\/v2\/product_tag?post=41099"}],"curies":[{"name":"wp","href":"https:\/\/api.w.org\/{rel}","templated":true}]}}