{"id":41103,"date":"2026-02-16T16:34:49","date_gmt":"2026-02-16T19:34:49","guid":{"rendered":"https:\/\/sofli.pt\/?post_type=product&#038;p=41103"},"modified":"2026-02-22T17:38:58","modified_gmt":"2026-02-22T20:38:58","slug":"cadeira-orquidea","status":"publish","type":"product","link":"https:\/\/sofli.pt\/pt_br\/product\/cadeira-orquidea\/","title":{"rendered":"Cadeira Orquidea"},"content":{"rendered":"<p>A Cadeira Orqu\u00eddea distingue-se pelo seu design elegante e contempor\u00e2neo, perfeita para valorizar salas de jantar e ambientes sofisticados. Com estrutura s\u00f3lida em madeira e assento estofado, garante conforto e durabilidade no uso di\u00e1rio. Imagens meramente ilustrativas, podendo ocorrer varia\u00e7\u00f5es de cor e acabamento.<\/p>","protected":false},"excerpt":{"rendered":"<p>A Cadeira Orqu\u00eddea distingue-se pelo seu design elegante e contempor\u00e2neo, perfeita para valorizar salas de jantar e ambientes sofisticados. Com estrutura s\u00f3lida em madeira e assento estofado, garante conforto e durabilidade no uso di\u00e1rio. Imagens meramente ilustrativas, podendo ocorrer varia\u00e7\u00f5es de cor e acabamento.<\/p>","protected":false},"featured_media":41131,"comment_status":"open","ping_status":"closed","template":"","meta":{"_acf_changed":false,"_joinchat":[]},"product_brand":[],"product_cat":[87],"product_tag":[85,86],"class_list":{"0":"post-41103","1":"product","2":"type-product","3":"status-publish","4":"has-post-thumbnail","6":"product_cat-cadeiras","7":"product_tag-cadeira","8":"product_tag-sala-de-jantar","10":"first","11":"instock","12":"shipping-taxable","13":"product-type-simple"},"acf":[],"_links":{"self":[{"href":"https:\/\/sofli.pt\/pt_br\/wp-json\/wp\/v2\/product\/41103","targetHints":{"allow":["GET"]}}],"collection":[{"href":"https:\/\/sofli.pt\/pt_br\/wp-json\/wp\/v2\/product"}],"about":[{"href":"https:\/\/sofli.pt\/pt_br\/wp-json\/wp\/v2\/types\/product"}],"replies":[{"embeddable":true,"href":"https:\/\/sofli.pt\/pt_br\/wp-json\/wp\/v2\/comments?post=41103"}],"version-history":[{"count":2,"href":"https:\/\/sofli.pt\/pt_br\/wp-json\/wp\/v2\/product\/41103\/revisions"}],"predecessor-version":[{"id":41419,"href":"https:\/\/sofli.pt\/pt_br\/wp-json\/wp\/v2\/product\/41103\/revisions\/41419"}],"wp:featuredmedia":[{"embeddable":true,"href":"https:\/\/sofli.pt\/pt_br\/wp-json\/wp\/v2\/media\/41131"}],"wp:attachment":[{"href":"https:\/\/sofli.pt\/pt_br\/wp-json\/wp\/v2\/media?parent=41103"}],"wp:term":[{"taxonomy":"product_brand","embeddable":true,"href":"https:\/\/sofli.pt\/pt_br\/wp-json\/wp\/v2\/product_brand?post=41103"},{"taxonomy":"product_cat","embeddable":true,"href":"https:\/\/sofli.pt\/pt_br\/wp-json\/wp\/v2\/product_cat?post=41103"},{"taxonomy":"product_tag","embeddable":true,"href":"https:\/\/sofli.pt\/pt_br\/wp-json\/wp\/v2\/product_tag?post=41103"}],"curies":[{"name":"wp","href":"https:\/\/api.w.org\/{rel}","templated":true}]}}