{"id":41108,"date":"2026-02-16T16:38:51","date_gmt":"2026-02-16T19:38:51","guid":{"rendered":"https:\/\/sofli.pt\/?post_type=product&#038;p=41108"},"modified":"2026-02-22T17:49:42","modified_gmt":"2026-02-22T20:49:42","slug":"cadeira-papoila","status":"publish","type":"product","link":"https:\/\/sofli.pt\/pt_br\/product\/cadeira-papoila\/","title":{"rendered":"Cadeira Papoila"},"content":{"rendered":"<p>A Cadeira Papoila destaca-se pelo seu design harmonioso e intemporal, ideal para enriquecer salas de jantar e espa\u00e7os requintados. Com estrutura resistente em madeira e assento estofado, oferece conforto e estabilidade para utiliza\u00e7\u00e3o di\u00e1ria. Imagens meramente ilustrativas, podendo existir varia\u00e7\u00f5es de cor e acabamento.<\/p>","protected":false},"excerpt":{"rendered":"<p>A Cadeira Papoila destaca-se pelo seu design harmonioso e intemporal, ideal para enriquecer salas de jantar e espa\u00e7os requintados. Com estrutura resistente em madeira e assento estofado, oferece conforto e estabilidade para utiliza\u00e7\u00e3o di\u00e1ria. Imagens meramente ilustrativas, podendo existir varia\u00e7\u00f5es de cor e acabamento.<\/p>","protected":false},"featured_media":42073,"comment_status":"open","ping_status":"closed","template":"","meta":{"_acf_changed":false,"_joinchat":[]},"product_brand":[],"product_cat":[87],"product_tag":[85,86],"class_list":{"0":"post-41108","1":"product","2":"type-product","3":"status-publish","4":"has-post-thumbnail","6":"product_cat-cadeiras","7":"product_tag-cadeira","8":"product_tag-sala-de-jantar","10":"first","11":"instock","12":"shipping-taxable","13":"product-type-simple"},"acf":[],"_links":{"self":[{"href":"https:\/\/sofli.pt\/pt_br\/wp-json\/wp\/v2\/product\/41108","targetHints":{"allow":["GET"]}}],"collection":[{"href":"https:\/\/sofli.pt\/pt_br\/wp-json\/wp\/v2\/product"}],"about":[{"href":"https:\/\/sofli.pt\/pt_br\/wp-json\/wp\/v2\/types\/product"}],"replies":[{"embeddable":true,"href":"https:\/\/sofli.pt\/pt_br\/wp-json\/wp\/v2\/comments?post=41108"}],"version-history":[{"count":2,"href":"https:\/\/sofli.pt\/pt_br\/wp-json\/wp\/v2\/product\/41108\/revisions"}],"predecessor-version":[{"id":41418,"href":"https:\/\/sofli.pt\/pt_br\/wp-json\/wp\/v2\/product\/41108\/revisions\/41418"}],"wp:featuredmedia":[{"embeddable":true,"href":"https:\/\/sofli.pt\/pt_br\/wp-json\/wp\/v2\/media\/42073"}],"wp:attachment":[{"href":"https:\/\/sofli.pt\/pt_br\/wp-json\/wp\/v2\/media?parent=41108"}],"wp:term":[{"taxonomy":"product_brand","embeddable":true,"href":"https:\/\/sofli.pt\/pt_br\/wp-json\/wp\/v2\/product_brand?post=41108"},{"taxonomy":"product_cat","embeddable":true,"href":"https:\/\/sofli.pt\/pt_br\/wp-json\/wp\/v2\/product_cat?post=41108"},{"taxonomy":"product_tag","embeddable":true,"href":"https:\/\/sofli.pt\/pt_br\/wp-json\/wp\/v2\/product_tag?post=41108"}],"curies":[{"name":"wp","href":"https:\/\/api.w.org\/{rel}","templated":true}]}}