{"id":41113,"date":"2026-02-16T16:41:55","date_gmt":"2026-02-16T19:41:55","guid":{"rendered":"https:\/\/sofli.pt\/?post_type=product&#038;p=41113"},"modified":"2026-02-22T17:43:48","modified_gmt":"2026-02-22T20:43:48","slug":"cadeira-petunia","status":"publish","type":"product","link":"https:\/\/sofli.pt\/pt_br\/product\/cadeira-petunia\/","title":{"rendered":"Cadeira Pet\u00fania"},"content":{"rendered":"<p>A Cadeira Petunia alia eleg\u00e2ncia e funcionalidade, sendo perfeita para complementar salas de jantar e ambientes sofisticados. Com estrutura s\u00f3lida em madeira e assento estofado, proporciona conforto e durabilidade no dia a dia. Imagens meramente ilustrativas, podendo verificar-se varia\u00e7\u00f5es de cor e acabamento.<\/p>","protected":false},"excerpt":{"rendered":"<p>A Cadeira Petunia alia eleg\u00e2ncia e funcionalidade, sendo perfeita para complementar salas de jantar e ambientes sofisticados. Com estrutura s\u00f3lida em madeira e assento estofado, proporciona conforto e durabilidade no dia a dia. Imagens meramente ilustrativas, podendo verificar-se varia\u00e7\u00f5es de cor e acabamento.<\/p>","protected":false},"featured_media":41410,"comment_status":"open","ping_status":"closed","template":"","meta":{"_acf_changed":false,"_joinchat":[]},"product_brand":[],"product_cat":[87],"product_tag":[85,86],"class_list":{"0":"post-41113","1":"product","2":"type-product","3":"status-publish","4":"has-post-thumbnail","6":"product_cat-cadeiras","7":"product_tag-cadeira","8":"product_tag-sala-de-jantar","10":"first","11":"instock","12":"shipping-taxable","13":"product-type-simple"},"acf":[],"_links":{"self":[{"href":"https:\/\/sofli.pt\/pt_br\/wp-json\/wp\/v2\/product\/41113","targetHints":{"allow":["GET"]}}],"collection":[{"href":"https:\/\/sofli.pt\/pt_br\/wp-json\/wp\/v2\/product"}],"about":[{"href":"https:\/\/sofli.pt\/pt_br\/wp-json\/wp\/v2\/types\/product"}],"replies":[{"embeddable":true,"href":"https:\/\/sofli.pt\/pt_br\/wp-json\/wp\/v2\/comments?post=41113"}],"version-history":[{"count":2,"href":"https:\/\/sofli.pt\/pt_br\/wp-json\/wp\/v2\/product\/41113\/revisions"}],"predecessor-version":[{"id":41417,"href":"https:\/\/sofli.pt\/pt_br\/wp-json\/wp\/v2\/product\/41113\/revisions\/41417"}],"wp:featuredmedia":[{"embeddable":true,"href":"https:\/\/sofli.pt\/pt_br\/wp-json\/wp\/v2\/media\/41410"}],"wp:attachment":[{"href":"https:\/\/sofli.pt\/pt_br\/wp-json\/wp\/v2\/media?parent=41113"}],"wp:term":[{"taxonomy":"product_brand","embeddable":true,"href":"https:\/\/sofli.pt\/pt_br\/wp-json\/wp\/v2\/product_brand?post=41113"},{"taxonomy":"product_cat","embeddable":true,"href":"https:\/\/sofli.pt\/pt_br\/wp-json\/wp\/v2\/product_cat?post=41113"},{"taxonomy":"product_tag","embeddable":true,"href":"https:\/\/sofli.pt\/pt_br\/wp-json\/wp\/v2\/product_tag?post=41113"}],"curies":[{"name":"wp","href":"https:\/\/api.w.org\/{rel}","templated":true}]}}