{"id":42699,"date":"2026-03-05T17:10:54","date_gmt":"2026-03-05T20:10:54","guid":{"rendered":"https:\/\/sofli.pt\/?post_type=product&#038;p=42699"},"modified":"2026-03-06T15:01:36","modified_gmt":"2026-03-06T18:01:36","slug":"sofa-toquio","status":"publish","type":"product","link":"https:\/\/sofli.pt\/pt_br\/product\/sofa-toquio\/","title":{"rendered":"Sof\u00e1 T\u00f3quio"},"content":{"rendered":"<p>Com linhas minimalistas e propor\u00e7\u00f5es amplas, este sof\u00e1 T\u00f3quio destaca-se pelo seu formato generoso e convidativo, ideal para momentos de conv\u00edvio com fam\u00edlia e amigos ou para relaxar com total conforto no final do dia. O seu revestimento em tecido de alta qualidade, suave ao toque, proporciona uma experi\u00eancia de conforto superior, enquanto os assentos profundos garantem uma postura relaxada e agrad\u00e1vel.<\/p>","protected":false},"excerpt":{"rendered":"<p>Com linhas minimalistas e propor\u00e7\u00f5es amplas, este sof\u00e1 T\u00f3quio destaca-se pelo seu formato generoso e convidativo, ideal para momentos de conv\u00edvio com fam\u00edlia e amigos ou para relaxar com total conforto no final do dia. O seu revestimento em tecido de alta qualidade, suave ao toque, proporciona uma experi\u00eancia de conforto superior, enquanto os assentos profundos garantem uma postura relaxada e agrad\u00e1vel.<\/p>","protected":false},"featured_media":42703,"comment_status":"open","ping_status":"closed","template":"","meta":{"_acf_changed":false,"_joinchat":[]},"product_brand":[],"product_cat":[91],"product_tag":[82,92],"class_list":{"0":"post-42699","1":"product","2":"type-product","3":"status-publish","4":"has-post-thumbnail","6":"product_cat-sofas","7":"product_tag-quarto","8":"product_tag-sofa","10":"first","11":"instock","12":"shipping-taxable","13":"product-type-simple"},"acf":[],"_links":{"self":[{"href":"https:\/\/sofli.pt\/pt_br\/wp-json\/wp\/v2\/product\/42699","targetHints":{"allow":["GET"]}}],"collection":[{"href":"https:\/\/sofli.pt\/pt_br\/wp-json\/wp\/v2\/product"}],"about":[{"href":"https:\/\/sofli.pt\/pt_br\/wp-json\/wp\/v2\/types\/product"}],"replies":[{"embeddable":true,"href":"https:\/\/sofli.pt\/pt_br\/wp-json\/wp\/v2\/comments?post=42699"}],"version-history":[{"count":3,"href":"https:\/\/sofli.pt\/pt_br\/wp-json\/wp\/v2\/product\/42699\/revisions"}],"predecessor-version":[{"id":42706,"href":"https:\/\/sofli.pt\/pt_br\/wp-json\/wp\/v2\/product\/42699\/revisions\/42706"}],"wp:featuredmedia":[{"embeddable":true,"href":"https:\/\/sofli.pt\/pt_br\/wp-json\/wp\/v2\/media\/42703"}],"wp:attachment":[{"href":"https:\/\/sofli.pt\/pt_br\/wp-json\/wp\/v2\/media?parent=42699"}],"wp:term":[{"taxonomy":"product_brand","embeddable":true,"href":"https:\/\/sofli.pt\/pt_br\/wp-json\/wp\/v2\/product_brand?post=42699"},{"taxonomy":"product_cat","embeddable":true,"href":"https:\/\/sofli.pt\/pt_br\/wp-json\/wp\/v2\/product_cat?post=42699"},{"taxonomy":"product_tag","embeddable":true,"href":"https:\/\/sofli.pt\/pt_br\/wp-json\/wp\/v2\/product_tag?post=42699"}],"curies":[{"name":"wp","href":"https:\/\/api.w.org\/{rel}","templated":true}]}}